{"id":11598,"date":"2009-03-04T00:26:39","date_gmt":"2009-03-03T22:26:39","guid":{"rendered":"http:\/\/www.curaj.net\/?page_id=11598"},"modified":"2009-03-15T13:42:06","modified_gmt":"2009-03-15T11:42:06","slug":"sondaje-de-opinie","status":"publish","type":"page","link":"https:\/\/www.sergiubrega.com\/curajnet\/?page_id=11598","title":{"rendered":"Sondaje de opinie"},"content":{"rendered":"<p>[15 martie 2009]<br \/>\n<script type=\"text\/javascript\" language=\"javascript\"\n  src=\"http:\/\/static.polldaddy.com\/p\/1420397.js\"><\/script><br \/>\n<noscript><br \/>\n <a href=\"http:\/\/answers.polldaddy.com\/poll\/1000076\/\">E\u015fti de-acord cu stema care con\u0163ine un <a href=\"http:\/\/www.curaj.net\/?p=11237\">cap de om \u00eenfipt \u00een \u0163eap\u0103<\/a>?<\/a><br \/>\n <span style=\"font:10px;\">(<a href=\"http:\/\/www.polldaddy.com\">sondaje<\/a>)<\/span><br \/>\n<\/noscript><br \/>\n<a href=\"http:\/\/www.curaj.net\/?p=11237\">Text la tem\u0103<\/a><br \/>\n&#8212;&#8212;&#8212;&#8212;&#8212;&#8212;&#8212;&#8212;&#8212;&#8212;<br \/>\n[15 februarie 2009] <script src=\"http:\/\/static.polldaddy.com\/p\/1330966.js\" type=\"text\/javascript\"><\/script><noscript> &amp;lt;a href =&#8221;http:\/\/answers.polldaddy.com\/poll\/1330966\/&#8221; &amp;gt;Cum vrei filmul la cinematograf?&amp;lt;\/a&amp;gt;  &amp;lt;br\/&amp;gt; &amp;lt;span style=&#8221;font-size:8px;&#8221; mce_style=&#8221;font-size:8px;&#8221;&amp;gt; (&amp;lt;a href =&#8221;http:\/\/www.polldaddy.com&#8221;&amp;gt;  polls&amp;lt;\/a&amp;gt;)&amp;lt;\/span&amp;gt;<\/noscript><br \/>\n&#8212;&#8212;&#8212;&#8212;&#8212;&#8212;&#8212;&#8212;&#8212;&#8212;<\/p>\n","protected":false},"excerpt":{"rendered":"<p>[15 martie 2009] E\u015fti de-acord cu stema care con\u0163ine un cap de om \u00eenfipt \u00een \u0163eap\u0103? (sondaje) Text la tem\u0103 &#8212;&#8212;&#8212;&#8212;&#8212;&#8212;&#8212;&#8212;&#8212;&#8212; [15 februarie 2009] &amp;lt;a href =&#8221;http:\/\/answers.polldaddy.com\/poll\/1330966\/&#8221; &amp;gt;Cum vrei filmul la cinematograf?&amp;lt;\/a&amp;gt; &amp;lt;br\/&amp;gt; &amp;lt;span style=&#8221;font-size:8px;&#8221; mce_style=&#8221;font-size:8px;&#8221;&amp;gt; (&amp;lt;a href =&#8221;http:\/\/www.polldaddy.com&#8221;&amp;gt; polls&amp;lt;\/a&amp;gt;)&amp;lt;\/span&amp;gt; &#8212;&#8212;&#8212;&#8212;&#8212;&#8212;&#8212;&#8212;&#8212;&#8212;<\/p>\n","protected":false},"author":1,"featured_media":0,"parent":0,"menu_order":0,"comment_status":"open","ping_status":"open","template":"","meta":[],"_links":{"self":[{"href":"https:\/\/www.sergiubrega.com\/curajnet\/index.php?rest_route=\/wp\/v2\/pages\/11598"}],"collection":[{"href":"https:\/\/www.sergiubrega.com\/curajnet\/index.php?rest_route=\/wp\/v2\/pages"}],"about":[{"href":"https:\/\/www.sergiubrega.com\/curajnet\/index.php?rest_route=\/wp\/v2\/types\/page"}],"author":[{"embeddable":true,"href":"https:\/\/www.sergiubrega.com\/curajnet\/index.php?rest_route=\/wp\/v2\/users\/1"}],"replies":[{"embeddable":true,"href":"https:\/\/www.sergiubrega.com\/curajnet\/index.php?rest_route=%2Fwp%2Fv2%2Fcomments&post=11598"}],"version-history":[{"count":6,"href":"https:\/\/www.sergiubrega.com\/curajnet\/index.php?rest_route=\/wp\/v2\/pages\/11598\/revisions"}],"predecessor-version":[{"id":12066,"href":"https:\/\/www.sergiubrega.com\/curajnet\/index.php?rest_route=\/wp\/v2\/pages\/11598\/revisions\/12066"}],"wp:attachment":[{"href":"https:\/\/www.sergiubrega.com\/curajnet\/index.php?rest_route=%2Fwp%2Fv2%2Fmedia&parent=11598"}],"curies":[{"name":"wp","href":"https:\/\/api.w.org\/{rel}","templated":true}]}}