{"id":12160,"date":"2009-03-17T02:05:36","date_gmt":"2009-03-17T00:05:36","guid":{"rendered":"http:\/\/www.curaj.net\/?page_id=12160"},"modified":"2009-03-20T02:28:37","modified_gmt":"2009-03-20T00:28:37","slug":"opriti-teroarea","status":"publish","type":"page","link":"https:\/\/www.sergiubrega.com\/curajnet\/?page_id=12160","title":{"rendered":"Campania &#8222;Opri\u0163i TEROAREA!!!&#8221;"},"content":{"rendered":"<p style=\"text-align: center;\"><strong>Pe 17 martie 2009 a fost lanseaz\u0103 <\/strong><strong>Campania &#8222;<\/strong><strong><span style=\"color: #ff0000;\">OPRI\u0162I TEROAREA!<\/span>&#8222;<\/strong><\/p>\n<p style=\"text-align: center;\"><img loading=\"lazy\" class=\"aligncenter\" src=\"http:\/\/www.curaj.net\/wp-content\/uploads\/2009\/03\/ulya_mediu.jpg\" alt=\"\" width=\"541\" height=\"98\" \/><\/p>\n<p style=\"text-align: center;\"><img loading=\"lazy\" class=\"size-full wp-image-12164 aligncenter\" title=\"baner31\" src=\"http:\/\/www.curaj.net\/wp-content\/uploads\/2009\/03\/baner31.jpg\" alt=\"\" width=\"230\" height=\"297\" srcset=\"https:\/\/www.sergiubrega.com\/curajnet\/wp-content\/uploads\/2009\/03\/baner31.jpg 239w, https:\/\/www.sergiubrega.com\/curajnet\/wp-content\/uploads\/2009\/03\/baner31-232x300.jpg 232w\" sizes=\"(max-width: 230px) 100vw, 230px\" \/><\/p>\n<p style=\"text-align: center;\"><img loading=\"lazy\" class=\"aligncenter size-medium wp-image-12161\" title=\"baner_mare\" src=\"http:\/\/www.curaj.net\/wp-content\/uploads\/2009\/03\/baner_mare-300x214.jpg\" alt=\"\" width=\"325\" height=\"231\" \/><\/p>\n<p style=\"text-align: left;\"><em>Primul caz<\/em>: 14.03.2009 &#8211; <strong>Un t\u00e2n\u0103r din Chi\u015fin\u0103u a fost \u00eempu\u015fcat mortal de un poli\u0163ist<\/strong><\/p>\n<p>Acest lucru s-a \u00eent\u00e2mplat \u00een scara unui bloc din sectorul  Botanica. Poli\u0163i\u015ftii afirm\u0103 c\u0103 au fost nevoi\u0163i s\u0103 aplice arma pentru c\u0103 b\u0103rbatul r\u0103nise cu un cu\u0163it un alt om al legii. Martorii afirm\u0103, \u00eens\u0103, c\u0103 poli\u0163istul l-a confundat, de fapt, pe t\u00e2n\u0103r cu o alt\u0103 persoan\u0103 \u015fi a folosit arma f\u0103r\u0103 a trage vreun foc de avertisment.<\/p>\n<p style=\"text-align: left;\"><span>16.03.2009 &#8211; <\/span><span>[ProTV] <\/span><span><strong>Poli\u0163istul care a \u00eempu\u015fcat mortal acum dou\u0103 zile un t\u00e2n\u0103r va fi cercetat <a href=\"http:\/\/protv.md\/stiri\/social\/cercetat-pentru-exces-de-putere.html\" target=\"_blank\">pentru exces de putere<\/a><\/strong><br \/>\n<\/span><\/p>\n<p style=\"text-align: center;\"><object classid=\"clsid:d27cdb6e-ae6d-11cf-96b8-444553540000\" width=\"330\" height=\"230\" codebase=\"http:\/\/download.macromedia.com\/pub\/shockwave\/cabs\/flash\/swflash.cab#version=6,0,40,0\"><param name=\"allowFullScreen\" value=\"true\" \/><param name=\"allowscriptaccess\" value=\"always\" \/><param name=\"src\" value=\"http:\/\/www.youtube.com\/v\/Mfp1s7Zhz7g&amp;hl=en&amp;fs=1\" \/><embed type=\"application\/x-shockwave-flash\" width=\"330\" height=\"230\" src=\"http:\/\/www.youtube.com\/v\/Mfp1s7Zhz7g&amp;hl=en&amp;fs=1\" allowscriptaccess=\"always\" allowfullscreen=\"true\"><\/embed><\/object><\/p>\n<p style=\"text-align: left;\">14.03.2009 &#8211; <span>[ProTV] <\/span><strong>Un t\u00e2n\u0103r din Chi\u015fin\u0103u a fost <a href=\"http:\/\/protv.md\/stiri\/social\/un-tanar-a-fost-impu-cat-mortal-noaptea-trecuta-de-un-poli-ist.html\" target=\"_blank\">\u00eempu\u015fcat mortal de un poli\u0163ist<\/a><\/strong><\/p>\n<p style=\"text-align: center;\"><object classid=\"clsid:d27cdb6e-ae6d-11cf-96b8-444553540000\" width=\"334\" height=\"230\" codebase=\"http:\/\/download.macromedia.com\/pub\/shockwave\/cabs\/flash\/swflash.cab#version=6,0,40,0\"><param name=\"allowFullScreen\" value=\"true\" \/><param name=\"allowscriptaccess\" value=\"always\" \/><param name=\"src\" value=\"http:\/\/www.youtube.com\/v\/85bk5abYxyA&amp;hl=en&amp;fs=1\" \/><embed type=\"application\/x-shockwave-flash\" width=\"334\" height=\"230\" src=\"http:\/\/www.youtube.com\/v\/85bk5abYxyA&amp;hl=en&amp;fs=1\" allowscriptaccess=\"always\" allowfullscreen=\"true\"><\/embed><\/object><\/p>\n<p style=\"text-align: center;\"><img loading=\"lazy\" class=\"aligncenter size-full wp-image-12165\" title=\"baner2\" src=\"http:\/\/www.curaj.net\/wp-content\/uploads\/2009\/03\/baner2.jpg\" alt=\"\" width=\"325\" height=\"236\" \/><\/p>\n<p><strong>Solicit\u0103m autorit\u0103\u0163ilor<\/strong>:<\/p>\n<ol>\n<li>Efectuarea, \u00een regim de urgen\u0163\u0103, a unei anchete publice pe acest caz;<\/li>\n<li>Tragerea la r\u0103spundere, conform legii, a celor ce se fac vinova\u0163i;<\/li>\n<li>Renun\u0163area la practicile de terorozare, persecutare \u015fi intimidare a cet\u0103\u0163enilor prin intermediul organelor de for\u0163\u0103 ale statului (M.A.I, S.I.S., Procuraturii \u015fi ai CCCEC).<\/li>\n<\/ol>\n<p style=\"text-align: center;\">______________________________________________________<br \/>\n<em>Al doilea caz<\/em>: 27.02.2009 &#8211; <strong>Dispari\u0163ia lui Gheorghe Ionel, <\/strong><strong>primar de Vorniceni<\/strong><\/p>\n<p style=\"text-align: left;\">Gheorghe Ionel &#8211; primar al satului Vorniceni, raionul Str\u0103\u015feni, \u015fi membru al partidului de opozi\u0163ie Alian\u0163a Moldova Noastr\u0103 (AMN) &#8211; a fost re\u0163inut de mai multe ori pe parcursul ultimilor doi ani \u015fi acuzat \u00een dou\u0103 dosare penale de trafic de fiin\u0163e umane \u015fi abuz \u00een serviciu. Colegii de partid l-au declarat disp\u0103rut \u00eencep\u00e2nd cu 27 februarie, c\u00e2nd Judec\u0103toria Str\u0103\u015feni l-a declarat nevinovat \u00een cel de-al doilea dosar \u015fi l-a pus \u00een libertate. Potrivit martorilor, dup\u0103 pronun\u0163area sentin\u0163ei, \u00een sala de \u015fedin\u0163\u0103 au dat buzna mai mul\u0163i colaboratori masca\u0163i ai Centrului pentru Combaterea Crimelor Economice \u015fi Corup\u0163iei (CCCEC) \u015fi au atacat sus\u0163in\u0103torii primarului. AMN presupune c\u0103 \u00een haosul creat, primarul de Vorniceni a fost r\u0103pit. Institu\u0163ia neag\u0103 c\u0103 Gheorghe Ionel s-ar afla <a href=\"http:\/\/www.civic.md\/stiri\/amnesty-international-a-lansat-o-actiune-de-sustinere-a-primarului-de-vorniceni.html\" target=\"_blank\">\u00een deten\u0163ie \u00een izolatorul CCCEC<\/a>.<\/p>\n<p style=\"text-align: right;\">(EN) On 27 February 2009, the whereabouts of Gheorghe Ionel, became unknown. Gheorghe Ionel is mayor of Vorniceni and a member of an opposition coalition. It is believed that he may have been abducted by law enforcement officers as he was last seen being forced by police officers into a car outside the court in Stra\u015feni, where he had just been cleared of the charge of misusing his official position. Amnesty International fears that he may have been subjected to enforced disappearance and is at <a href=\"http:\/\/www.curaj.net\/?p=11670\" target=\"_blank\">risk of torture or other ill-treatment<\/a><\/p>\n<p style=\"text-align: left;\"><strong>Solicit\u0103m <\/strong><strong>autorit\u0103\u0163ilor<\/strong>:<\/p>\n<ol>\n<li>Informarea imediat\u0103 a avocatului \u015fi a membrilor familiei lui Gheorghe Ionel despre locul deten\u0163iei acestuia, \u00een cazul \u00een care el se afl\u0103 \u00een custodie<\/li>\n<li>Demararea, din partea Procuraturii, a unei investiga\u0163ii impar\u0163iale pe faptul presupusei r\u0103piri a lui Gheorghe Ionel de colaboratorii Centrului pentru Combaterea Crimelor Economice \u015fi Corup\u0163iei<\/li>\n<li>Tragerea la r\u0103spundere, conform legii, a celor ce se fac vinova\u0163i de acest abuz.<\/li>\n<\/ol>\n<p style=\"text-align: center;\"><a href=\"http:\/\/www.curaj.net\/wp-content\/uploads\/2009\/03\/declar_prealabila_21mart09.jpg\" target=\"_blank\"><img loading=\"lazy\" class=\"aligncenter size-medium wp-image-12215\" title=\"declar_prealabila_21mart09\" src=\"http:\/\/www.curaj.net\/wp-content\/uploads\/2009\/03\/declar_prealabila_21mart09-207x300.jpg\" alt=\"\" width=\"207\" height=\"300\" srcset=\"https:\/\/www.sergiubrega.com\/curajnet\/wp-content\/uploads\/2009\/03\/declar_prealabila_21mart09-207x300.jpg 207w, https:\/\/www.sergiubrega.com\/curajnet\/wp-content\/uploads\/2009\/03\/declar_prealabila_21mart09.jpg 900w\" sizes=\"(max-width: 207px) 100vw, 207px\" \/><\/a><\/p>\n<p style=\"text-align: center;\">___________________________________________________________________________________________ <a title=\"CETATENIE\" href=\"http:\/\/www.cetatenie.curaj.net\/\" target=\"_blank\">www.cetatenie.curaj.net<\/a> | <a title=\"CEDO\" href=\"http:\/\/www.cedo.curaj.net\/\" target=\"_blank\">cedo.curaj.net<\/a> | <a title=\"PRESA\" href=\"http:\/\/www.presa.curaj.net\/\" target=\"_blank\">presa.curaj.net<\/a> | <a title=\"PROTEST\" href=\"http:\/\/protest.curaj.net\/\" target=\"_blank\">protest.curaj.net<\/a> | <a title=\"VIDEO\" href=\"http:\/\/www.video.curaj.net\/\" target=\"_blank\">video.curaj.net<\/a><\/p>\n<p style=\"text-align: center;\"><a title=\"PAGINA de START\" href=\"http:\/\/curaj.net\/\" target=\"_blank\"> <strong> &gt;&gt; PAGINA de START! &lt;&lt; <\/strong><\/a><\/p>\n<p style=\"text-align: center;\">\n<p style=\"text-align: left;\"><a href=\"http:\/\/www.curaj.net\/wp-content\/uploads\/2009\/03\/baner_mare.jpg\"> <\/a><\/p>\n","protected":false},"excerpt":{"rendered":"<p>Pe 17 martie 2009 a fost lanseaz\u0103 Campania &#8222;OPRI\u0162I TEROAREA!&#8222; Primul caz: 14.03.2009 &#8211; Un t\u00e2n\u0103r din Chi\u015fin\u0103u a fost \u00eempu\u015fcat mortal de un poli\u0163ist Acest lucru s-a \u00eent\u00e2mplat \u00een scara unui bloc din sectorul Botanica. Poli\u0163i\u015ftii afirm\u0103 c\u0103 au fost nevoi\u0163i s\u0103 aplice arma pentru c\u0103 b\u0103rbatul r\u0103nise cu un cu\u0163it un alt om [&hellip;]<\/p>\n","protected":false},"author":3874,"featured_media":0,"parent":0,"menu_order":0,"comment_status":"open","ping_status":"open","template":"","meta":[],"_links":{"self":[{"href":"https:\/\/www.sergiubrega.com\/curajnet\/index.php?rest_route=\/wp\/v2\/pages\/12160"}],"collection":[{"href":"https:\/\/www.sergiubrega.com\/curajnet\/index.php?rest_route=\/wp\/v2\/pages"}],"about":[{"href":"https:\/\/www.sergiubrega.com\/curajnet\/index.php?rest_route=\/wp\/v2\/types\/page"}],"author":[{"embeddable":true,"href":"https:\/\/www.sergiubrega.com\/curajnet\/index.php?rest_route=\/wp\/v2\/users\/3874"}],"replies":[{"embeddable":true,"href":"https:\/\/www.sergiubrega.com\/curajnet\/index.php?rest_route=%2Fwp%2Fv2%2Fcomments&post=12160"}],"version-history":[{"count":16,"href":"https:\/\/www.sergiubrega.com\/curajnet\/index.php?rest_route=\/wp\/v2\/pages\/12160\/revisions"}],"predecessor-version":[{"id":12163,"href":"https:\/\/www.sergiubrega.com\/curajnet\/index.php?rest_route=\/wp\/v2\/pages\/12160\/revisions\/12163"}],"wp:attachment":[{"href":"https:\/\/www.sergiubrega.com\/curajnet\/index.php?rest_route=%2Fwp%2Fv2%2Fmedia&parent=12160"}],"curies":[{"name":"wp","href":"https:\/\/api.w.org\/{rel}","templated":true}]}}