{"id":1313,"date":"2006-10-30T02:03:25","date_gmt":"2006-10-29T22:03:25","guid":{"rendered":"http:\/\/www.curaj.net\/?page_id=1313"},"modified":"2009-01-23T23:57:32","modified_gmt":"2009-01-23T21:57:32","slug":"harta-site","status":"publish","type":"page","link":"https:\/\/www.sergiubrega.com\/curajnet\/?page_id=1313","title":{"rendered":"HART\u0102 site"},"content":{"rendered":"<p style=\"text-align: left;\">&#8230;&#8230;&#8230;&#8230;&#8230;&#8230;&#8230;&#8230;&#8230;&#8230;&#8230;&#8230;&#8230;<\/p>\n<p style=\"text-align: left;\"><strong>I. <\/strong><strong><span style=\"text-decoration: underline;\">HART\u0102 site Curaj.Net<\/span><\/strong><\/p>\n<ul style=\"text-align: left;\">\n<li class=\"page_item page-item-1349\"><a title=\"- POSTA\u0162I un articol\" href=\"http:\/\/www.curaj.net\/?page_id=1349\" target=\"_blank\">&#8211; POSTA\u0162I un articol<\/a><\/li>\n<li class=\"page_item page-item-321\"><a title=\"- Regulament Curaj.Net\" href=\"http:\/\/www.curaj.net\/?page_id=321\" target=\"_blank\">&#8211; Regulament Curaj.Net<\/a><\/li>\n<\/ul>\n<ul class=\"list-page\" style=\"text-align: left;\">\n<li class=\"page_item page-item-387\"><strong>LINKURI<\/strong>\n<ul>\n<li class=\"page_item page-item-3500\"><strong><a title=\"CEDO.curaj.net\" href=\"http:\/\/www.curaj.net\/?page_id=3500\" target=\"_blank\">CEDO.curaj.net<\/a><\/strong><\/li>\n<li class=\"page_item page-item-6568\"><strong><a title=\"CETATENIE.curaj.net\" href=\"http:\/\/www.curaj.net\/?page_id=6568\" target=\"_blank\">CETATENIE.curaj.net<\/a><\/strong><\/li>\n<li class=\"page_item page-item-3494\"><strong><a title=\"PRESA.curaj.net\" href=\"http:\/\/www.curaj.net\/?page_id=3494\" target=\"_blank\">PRESA.curaj.net<\/a><\/strong><\/li>\n<li class=\"page_item page-item-2626\"><strong><a title=\"VIDEO.curaj.net\" href=\"http:\/\/www.curaj.net\/?page_id=2626\" target=\"_blank\">VIDEO.curaj.net<\/a><\/strong><\/li>\n<li class=\"page_item page-item-4953\"><a title=\"Curaj Postum\" href=\"http:\/\/www.curaj.net\/?page_id=4953\" target=\"_blank\">Curaj Postum<\/a><\/li>\n<li class=\"page_item page-item-7873\"><a title=\"Texte de referin\u0163\u0103\" href=\"http:\/\/www.curaj.net\/?page_id=7873\" target=\"_blank\">Texte de referin\u0163\u0103<\/a><\/li>\n<li class=\"page_item page-item-4712\"><a title=\"Ultimele 100 comentarii\" href=\"http:\/\/www.curaj.net\/?page_id=4712\" target=\"_blank\">Ultimele 100 comentarii<\/a><\/li>\n<\/ul>\n<\/li>\n<\/ul>\n<ul class=\"list-page\" style=\"text-align: left;\">\n<li class=\"page_item page-item-361\"><strong><a href=\"http:\/\/www.curaj.net\/?page_id=361\" target=\"_blank\">PROIECTE<\/a><\/strong>\n<ul>\n<li class=\"page_item page-item-2632\"><a title=\"Caricaturi\" href=\"http:\/\/www.curaj.net\/?page_id=2632\" target=\"_blank\">Caricaturi<\/a><\/li>\n<li class=\"page_item page-item-8453\"><a title=\"CINEMATECA pt tineri\" href=\"http:\/\/www.curaj.net\/?page_id=8453\" target=\"_blank\">CINEMATECA pt tineri<\/a><\/li>\n<li class=\"page_item page-item-3398\"><a title=\"Emisiunea Hyde Park\" href=\"http:\/\/www.curaj.net\/?page_id=3398\" target=\"_blank\">Emisiunea Hyde Park<\/a><\/li>\n<li class=\"page_item page-item-1348\"><a title=\"Maraton Oratoric\" href=\"http:\/\/www.curaj.net\/?page_id=1348\" target=\"_blank\">Maraton Oratoric<\/a><\/li>\n<li class=\"page_item page-item-529\"><a title=\"Publicatia Curaj\" href=\"http:\/\/www.curaj.net\/?page_id=529\" target=\"_blank\">Publica\u0163ia Curaj<\/a><\/li>\n<li class=\"page_item page-item-843\"><a title=\"Sondaj\" href=\"http:\/\/www.curaj.net\/?page_id=843\" target=\"_blank\">Sondaj<\/a><\/li>\n<\/ul>\n<\/li>\n<\/ul>\n<ul class=\"list-page\" style=\"text-align: left;\">\n<li class=\"page_item page-item-509\"><strong><a title=\"PROTEST.curaj.net\" href=\"http:\/\/www.curaj.net\/?page_id=509\" target=\"_blank\">PROTEST.curaj.net<\/a><\/strong>\n<ul>\n<li class=\"page_item page-item-3950\"><a title=\"pagina veche\" href=\"http:\/\/www.curaj.net\/?page_id=3950\" target=\"_blank\">pagina veche<\/a><\/li>\n<li class=\"page_item page-item-4025\"><a title=\"Actiuni non-violente\" href=\"http:\/\/www.curaj.net\/?page_id=4025\" target=\"_blank\">Actiuni non-violente<\/a><\/li>\n<li class=\"page_item page-item-1401\"><a title=\"Drepturi, nu vorbe!\" href=\"http:\/\/www.curaj.net\/?page_id=1401\" target=\"_blank\">Drepturi, nu vorbe!<\/a><\/li>\n<li class=\"page_item page-item-2792\"><a title=\"Hyde Park \u00een pres\u0103\" href=\"http:\/\/www.curaj.net\/?page_id=2792\" target=\"_blank\">Hyde Park \u00een pres\u0103<\/a><\/li>\n<li class=\"page_item page-item-1182\"><a title=\"Implicati-va si voi!\" href=\"http:\/\/www.curaj.net\/?page_id=1182\" target=\"_blank\">Implica\u0163i-v\u0103 \u015fi voi!<\/a><\/li>\n<li class=\"page_item page-item-3997\"><a title=\"Opinii persecutate\" href=\"http:\/\/www.curaj.net\/?page_id=3997\" target=\"_blank\">Opinii persecutate<\/a><\/li>\n<\/ul>\n<\/li>\n<\/ul>\n<p style=\"text-align: left;\">&#8230;&#8230;&#8230;&#8230;&#8230;&#8230;&#8230;&#8230;&#8230;&#8230;&#8230;&#8230;&#8230;<\/p>\n<p style=\"text-align: left;\"><strong>II. <span style=\"text-decoration: underline;\">ARHIVA Curaj.Net<\/span> <\/strong>:<\/p>\n<p style=\"text-align: left;\"><strong>2009<\/strong><\/p>\n<p style=\"text-align: left;\"><a href=\"http:\/\/www.curaj.net\/\/?m=200901\" target=\"_blank\">Ianuarie<\/a> |\u00a0Februarie | Martie | Aprilie | Mai | Iunie | Iulie |<\/p>\n<p style=\"text-align: left;\">August | Septembrie | Octombrie | Noiembrie | Decembrie<\/p>\n<p style=\"text-align: left;\"><strong>2008<\/strong><\/p>\n<p style=\"text-align: left;\"><a href=\"http:\/\/www.curaj.net\/\/?m=200801\" target=\"_blank\">Ianuarie<\/a> |\u00a0<a href=\"http:\/\/www.curaj.net\/\/?m=200802\" target=\"_blank\">Februarie<\/a> | <a href=\"http:\/\/www.curaj.net\/\/?m=200803\" target=\"_blank\">Martie<\/a> | <a href=\"http:\/\/www.curaj.net\/\/?m=200804\" target=\"_blank\">Aprilie<\/a> | <a href=\"http:\/\/www.curaj.net\/\/?m=200805\" target=\"_blank\">Mai<\/a> | <a href=\"http:\/\/www.curaj.net\/\/?m=200806\" target=\"_blank\">Iunie<\/a> | <a href=\"http:\/\/www.curaj.net\/?m=200807\" target=\"_blank\">Iulie<\/a> |<\/p>\n<p style=\"text-align: left;\"><a href=\"http:\/\/www.curaj.net\/?m=200808\" target=\"_blank\">August<\/a> | <a href=\"http:\/\/www.curaj.net\/?m=200809\" target=\"_blank\">Septembrie<\/a> | <a href=\"http:\/\/www.curaj.net\/?m=200810\" target=\"_blank\">Octombrie<\/a> | <a href=\"http:\/\/www.curaj.net\/?m=200811\" target=\"_blank\">Noiembrie<\/a> | <a href=\"http:\/\/www.curaj.net\/?m=200812\" target=\"_blank\">Decembrie<\/a><\/p>\n<p style=\"text-align: left;\"><strong>2007<\/strong><\/p>\n<p style=\"text-align: left;\"><a href=\"http:\/\/www.curaj.net\/\/?m=200701\" target=\"_blank\">Ianuarie<\/a> |\u00a0<a href=\"http:\/\/www.curaj.net\/\/?m=200702\" target=\"_blank\">Februarie<\/a> | <a href=\"http:\/\/www.curaj.net\/\/?m=200703\" target=\"_blank\">Martie<\/a> | <a href=\"http:\/\/www.curaj.net\/\/?m=200704\" target=\"_blank\">Aprilie<\/a> | <a href=\"http:\/\/www.curaj.net\/\/?m=200705\" target=\"_blank\">Mai<\/a> | <a href=\"http:\/\/www.curaj.net\/\/?m=200706\" target=\"_blank\">Iunie<\/a> | <a href=\"http:\/\/www.curaj.net\/\/?m=200707\" target=\"_blank\">Iulie<\/a> |<\/p>\n<p style=\"text-align: left;\"><a href=\"http:\/\/www.curaj.net\/\/?m=200708\" target=\"_blank\">August<\/a> | <a href=\"http:\/\/www.curaj.net\/\/?m=200709\" target=\"_blank\">Septembrie<\/a> | <a href=\"http:\/\/www.curaj.net\/\/?m=2007010\" target=\"_blank\">Octombrie<\/a> | <a href=\"http:\/\/www.curaj.net\/\/?m=2007011\" target=\"_blank\">Noiembrie<\/a> | <a href=\"http:\/\/www.curaj.net\/\/?m=2007012\" target=\"_blank\">Decembrie<\/a><\/p>\n<p style=\"text-align: left;\"><strong>2006<\/strong><\/p>\n<p style=\"text-align: left;\"><a title=\"January 2006\" href=\"http:\/\/www.curaj.net\/\/?m=200601\" target=\"_blank\">Ianuarie<\/a> | <a title=\"February 2006\" href=\"http:\/\/www.curaj.net\/\/?m=200602\" target=\"_blank\">Februarie<\/a> | <a title=\"March 2006\" href=\"http:\/\/www.curaj.net\/\/?m=200603\" target=\"_blank\">Martie<\/a> | <a title=\"April 2006\" href=\"http:\/\/www.curaj.net\/\/?m=200604\" target=\"_blank\">Aprilie<\/a> | <a title=\"May 2006\" href=\"http:\/\/www.curaj.net\/\/?m=200605\" target=\"_blank\">Mai<\/a> | <a title=\"June 2006\" href=\"http:\/\/www.curaj.net\/\/?m=200606\" target=\"_blank\">Iunie<\/a> | <a title=\"July 2006\" href=\"http:\/\/www.curaj.net\/\/?m=200607\" target=\"_blank\">Iulie<\/a> |<\/p>\n<p style=\"text-align: left;\"><a title=\"August 2006\" href=\"http:\/\/www.curaj.net\/\/?m=200608\" target=\"_blank\">August<\/a> | <a title=\"September 2006\" href=\"http:\/\/www.curaj.net\/\/?m=200609\" target=\"_blank\">Septemberie<\/a> | <a title=\"October 2006\" href=\"http:\/\/www.curaj.net\/\/?m=200610\" target=\"_blank\">Octombrie<\/a> | <a title=\"November 2006\" href=\"http:\/\/www.curaj.net\/\/?m=200611\" target=\"_blank\">Noiembrie<\/a> | <a title=\"December 2006\" href=\"http:\/\/www.curaj.net\/\/?m=200612\" target=\"_blank\">Decembrie<\/a><\/p>\n<p style=\"text-align: left;\"><strong>2005 <\/strong><\/p>\n<p style=\"text-align: left;\"><a title=\"January 2006\" href=\"http:\/\/www.curaj.net\/\/?m=200501\" target=\"_blank\">Ianuarie<\/a> |\u00a0<a title=\"February 2006\" href=\"http:\/\/www.curaj.net\/\/?m=200502\" target=\"_blank\">Februarie<\/a> | <a title=\"March 2006\" href=\"http:\/\/www.curaj.net\/\/?m=200503\" target=\"_blank\">Martie<\/a> | <a title=\"April 2006\" href=\"http:\/\/www.curaj.net\/\/?m=200504\" target=\"_blank\">Aprilie<\/a> | <a title=\"May 2006\" href=\"http:\/\/www.curaj.net\/\/?m=200505\" target=\"_blank\">Mai<\/a> | <a title=\"June 2006\" href=\"http:\/\/www.curaj.net\/\/?m=200506\" target=\"_blank\">Iunie<\/a> | <a title=\"July 2006\" href=\"http:\/\/www.curaj.net\/\/?m=200507\" target=\"_blank\">Iulie<\/a> |<\/p>\n<p style=\"text-align: left;\"><a title=\"August 2006\" href=\"http:\/\/www.curaj.net\/\/?m=200508\" target=\"_blank\">August<\/a> | <a title=\"September 2006\" href=\"http:\/\/www.curaj.net\/\/?m=200509\" target=\"_blank\">Septemberie<\/a> | <a title=\"October 2006\" href=\"http:\/\/www.curaj.net\/\/?m=200510\" target=\"_blank\">Octombrie<\/a> | <a title=\"November 2006\" href=\"http:\/\/www.curaj.net\/\/?m=200511\" target=\"_blank\">Noiembrie<\/a> | <a title=\"December 2006\" href=\"http:\/\/www.curaj.net\/\/?m=200512\" target=\"_blank\">Decembrie<\/a><\/p>\n<p style=\"text-align: left;\"><strong>2004 <\/strong><\/p>\n<p style=\"text-align: left;\"><a title=\"December 2004\" href=\"http:\/\/www.curaj.net\/\/?m=200412\" target=\"_blank\">Decembrie<\/a><\/p>\n<p style=\"text-align: left;\">&#8230;&#8230;&#8230;&#8230;&#8230;&#8230;&#8230;&#8230;&#8230;&#8230;&#8230;&#8230;&#8230;<\/p>\n<p style=\"text-align: left;\"><strong>III. <span style=\"text-decoration: underline;\">CATEGORII<\/span><\/strong> :<\/p>\n<ul class=\"list-page\">\n<li class=\"cat-item cat-item-16\"><a title=\"View all posts filed under Colegi de Curaj\" href=\"http:\/\/www.curaj.net\/?cat=16\" target=\"_blank\">Colegi de Curaj<\/a>\n<ul class=\"children\">\n<li class=\"cat-item cat-item-19\"><a title=\"View all posts filed under Declara\u0163ii\" href=\"http:\/\/www.curaj.net\/?cat=19\" target=\"_blank\">Declara\u0163ii<\/a><\/li>\n<li class=\"cat-item cat-item-8\"><a title=\"Adresari colective sau personale\" href=\"http:\/\/www.curaj.net\/?cat=8\" target=\"_blank\">Peti\u0163ii<\/a><\/li>\n<li class=\"cat-item cat-item-3\"><a title=\"Vom descrie amanuntit unele activitati\" href=\"http:\/\/www.curaj.net\/?cat=3\" target=\"_blank\">Rapoarte<\/a><\/li>\n<\/ul>\n<\/li>\n<li class=\"cat-item cat-item-10\"><a title=\"Oamenii nostri ;-)\" href=\"http:\/\/www.curaj.net\/?cat=10\" target=\"_blank\">Comunitate<\/a>\n<ul class=\"children\">\n<li class=\"cat-item cat-item-5\"><a title=\"\u041c\u043d\u0435\u043d\u0438\u044f \u043d\u0430 \u0440\u0443\u0441\u0441\u043a\u043e\u043c \u044f\u0437\u044b\u043a\u0435\" href=\"http:\/\/www.curaj.net\/?cat=5\" target=\"_blank\">\u0420\u0443\u0441\u0441\u043a\u0438\u0439<\/a><\/li>\n<li class=\"cat-item cat-item-4\"><a title=\"Texts in English\" href=\"http:\/\/www.curaj.net\/?cat=4\" target=\"_blank\">English<\/a><\/li>\n<\/ul>\n<\/li>\n<li class=\"cat-item cat-item-1\"><a title=\"\u015etiri din via\u0163a comunit\u0103\u0163ii virtuale Curaj.Net\" href=\"http:\/\/www.curaj.net\/?cat=1\" target=\"_blank\">Jurnal<\/a>\n<ul class=\"children\">\n<li class=\"cat-item cat-item-7\"><a title=\"Pareri personale despre orice\" href=\"http:\/\/www.curaj.net\/?cat=7\" target=\"_blank\">Opinii<\/a><\/li>\n<li class=\"cat-item cat-item-18\"><a title=\"View all posts filed under Reportaj\" href=\"http:\/\/www.curaj.net\/?cat=18\" target=\"_blank\">Reportaj<\/a><\/li>\n<\/ul>\n<\/li>\n<li class=\"cat-item cat-item-15\"><a title=\"View all posts filed under Recomand\u0103ri\" href=\"http:\/\/www.curaj.net\/?cat=15\" target=\"_blank\">Recomand\u0103ri<\/a>\n<ul class=\"children\">\n<li class=\"cat-item cat-item-2\"><a title=\"Anun\u0163uri despre evenimente importante\" href=\"http:\/\/www.curaj.net\/?cat=2\" target=\"_blank\">Anun\u0163uri<\/a><\/li>\n<li class=\"cat-item cat-item-9\"><a title=\"Evenimente culturale semnificative\" href=\"http:\/\/www.curaj.net\/?cat=9\" target=\"_blank\">Cultur\u0103<\/a><\/li>\n<li class=\"cat-item cat-item-20\"><a title=\"View all posts filed under Versuri\" href=\"http:\/\/www.curaj.net\/?cat=20\" target=\"_blank\">Versuri<\/a><\/li>\n<\/ul>\n<\/li>\n<\/ul>\n<p style=\"text-align: center;\">&#8230;&#8230;&#8230;&#8230;&#8230;&#8230;&#8230;&#8230;&#8230;&#8230;&#8230;&#8230;&#8230;<\/p>\n<p style=\"text-align: center;\"><a href=\"http:\/\/www.cedo.curaj.net\" target=\"_blank\">www.CEDO.curaj.net<\/a> | <a href=\"http:\/\/www.cetatenie.curaj.net \" target=\"_blank\">CETATENIE.curaj.net <\/a><\/p>\n<p style=\"text-align: center;\"><a href=\"http:\/\/www.protest.curaj.net \" target=\"_blank\">www.PROTEST.curaj.net<\/a> | <a href=\"http:\/\/www.presa.curaj.net \" target=\"_blank\">PRESA.curaj.net<\/a> | <a href=\"http:\/\/www.video.curaj.net \" target=\"_blank\">VIDEO.curaj.net<\/a><\/p>\n","protected":false},"excerpt":{"rendered":"<p>&#8230;&#8230;&#8230;&#8230;&#8230;&#8230;&#8230;&#8230;&#8230;&#8230;&#8230;&#8230;&#8230; I. HART\u0102 site Curaj.Net &#8211; POSTA\u0162I un articol &#8211; Regulament Curaj.Net LINKURI CEDO.curaj.net CETATENIE.curaj.net PRESA.curaj.net VIDEO.curaj.net Curaj Postum Texte de referin\u0163\u0103 Ultimele 100 comentarii PROIECTE Caricaturi CINEMATECA pt tineri Emisiunea Hyde Park Maraton Oratoric Publica\u0163ia Curaj Sondaj PROTEST.curaj.net pagina veche Actiuni non-violente Drepturi, nu vorbe! Hyde Park \u00een pres\u0103 Implica\u0163i-v\u0103 \u015fi voi! Opinii persecutate [&hellip;]<\/p>\n","protected":false},"author":1,"featured_media":0,"parent":0,"menu_order":0,"comment_status":"open","ping_status":"open","template":"","meta":[],"_links":{"self":[{"href":"https:\/\/www.sergiubrega.com\/curajnet\/index.php?rest_route=\/wp\/v2\/pages\/1313"}],"collection":[{"href":"https:\/\/www.sergiubrega.com\/curajnet\/index.php?rest_route=\/wp\/v2\/pages"}],"about":[{"href":"https:\/\/www.sergiubrega.com\/curajnet\/index.php?rest_route=\/wp\/v2\/types\/page"}],"author":[{"embeddable":true,"href":"https:\/\/www.sergiubrega.com\/curajnet\/index.php?rest_route=\/wp\/v2\/users\/1"}],"replies":[{"embeddable":true,"href":"https:\/\/www.sergiubrega.com\/curajnet\/index.php?rest_route=%2Fwp%2Fv2%2Fcomments&post=1313"}],"version-history":[{"count":18,"href":"https:\/\/www.sergiubrega.com\/curajnet\/index.php?rest_route=\/wp\/v2\/pages\/1313\/revisions"}],"predecessor-version":[{"id":8891,"href":"https:\/\/www.sergiubrega.com\/curajnet\/index.php?rest_route=\/wp\/v2\/pages\/1313\/revisions\/8891"}],"wp:attachment":[{"href":"https:\/\/www.sergiubrega.com\/curajnet\/index.php?rest_route=%2Fwp%2Fv2%2Fmedia&parent=1313"}],"curies":[{"name":"wp","href":"https:\/\/api.w.org\/{rel}","templated":true}]}}