{"id":2626,"date":"2007-07-17T12:37:04","date_gmt":"2007-07-17T09:37:04","guid":{"rendered":"http:\/\/www.curaj.net\/?page_id=2626"},"modified":"2009-03-12T10:38:58","modified_gmt":"2009-03-12T08:38:58","slug":"video-ii","status":"publish","type":"page","link":"https:\/\/www.sergiubrega.com\/curajnet\/?page_id=2626","title":{"rendered":"VIDEO.curaj.net"},"content":{"rendered":"<p style=\"text-align: center;\"><strong>Cele mai noi Imagini VIDEO &#8211; <strong><a rel=\"bookmark\" href=\"http:\/\/www.video.curaj.net\/\" target=\"_blank\">www.VIDEO.curaj.net<\/a><\/strong><\/strong><br \/>\n<a href=\"http:\/\/www.youtube.com\/user\/VideoCuraj\" target=\"_blank\">YouTube.com\/user\/VideoCuraj<\/a> | <a href=\"http:\/\/video.neogen.ro\/user\/o.brega\" target=\"_blank\">Video.neogen.ro\/user\/o.brega<\/a><\/p>\n<ul>\n<li>[09.03.2009] <a href=\"http:\/\/www.curaj.net\/?p=11869\" target=\"_blank\">Bodyguarzii agreseaz\u0103 iar presa liber\u0103!<\/a> | <a href=\"http:\/\/www.youtube.com\/watch?v=Lox7bqz3Nps\" target=\"_blank\">sursa<\/a> [<a rel=\"nofollow\" href=\"http:\/\/www.voobys.com\/watch?v=Lox7bqz3Nps\" target=\"_blank\">pt downloadare<\/a>]<\/li>\n<\/ul>\n<p style=\"text-align: center;\"><object classid=\"clsid:d27cdb6e-ae6d-11cf-96b8-444553540000\" width=\"400\" height=\"247\" codebase=\"http:\/\/download.macromedia.com\/pub\/shockwave\/cabs\/flash\/swflash.cab#version=6,0,40,0\"><param name=\"allowFullScreen\" value=\"true\" \/><param name=\"allowscriptaccess\" value=\"always\" \/><param name=\"src\" value=\"http:\/\/www.youtube.com\/v\/Lox7bqz3Nps&amp;hl=en&amp;fs=1\" \/><embed type=\"application\/x-shockwave-flash\" width=\"400\" height=\"247\" src=\"http:\/\/www.youtube.com\/v\/Lox7bqz3Nps&amp;hl=en&amp;fs=1\" allowscriptaccess=\"always\" allowfullscreen=\"true\"><\/embed><\/object><\/p>\n<ul>\n<li><strong>Moldova voteaz\u0103!<\/strong> | <a href=\"http:\/\/www.youtube.com\/watch?v=vwVVY2BT5_U\" target=\"_blank\">sursa<\/a> [<a rel=\"nofollow\" href=\"http:\/\/www.voobys.com\/watch?v=vwVVY2BT5_U\">pt downloadare<\/a>]<\/li>\n<\/ul>\n<p style=\"text-align: center;\"><object classid=\"clsid:d27cdb6e-ae6d-11cf-96b8-444553540000\" width=\"401\" height=\"280\" codebase=\"http:\/\/download.macromedia.com\/pub\/shockwave\/cabs\/flash\/swflash.cab#version=6,0,40,0\"><param name=\"allowFullScreen\" value=\"true\" \/><param name=\"allowscriptaccess\" value=\"always\" \/><param name=\"src\" value=\"http:\/\/www.youtube.com\/v\/vwVVY2BT5_U&amp;hl=en&amp;fs=1\" \/><embed type=\"application\/x-shockwave-flash\" width=\"401\" height=\"280\" src=\"http:\/\/www.youtube.com\/v\/vwVVY2BT5_U&amp;hl=en&amp;fs=1\" allowscriptaccess=\"always\" allowfullscreen=\"true\"><\/embed><\/object><\/p>\n<p style=\"text-align: left;\">[03.02.2009] <a href=\"http:\/\/www.curaj.net\/?p=9909\" target=\"_blank\">Provocare violent\u0103, colorat\u0103 \u015fi mascat\u0103 la Procuratura General\u0103<\/a><strong> <\/strong>&#8211; <a href=\"http:\/\/www.youtube.com\/watch?v=XUPG-9WekyE\" target=\"_blank\">sursa<\/a> | [<a href=\"http:\/\/www.voobys.com\/watch?v=XUPG-9WekyE\" target=\"_blank\">pt downloadare<\/a>] &#8211;<\/p>\n<p style=\"text-align: center;\"><object classid=\"clsid:d27cdb6e-ae6d-11cf-96b8-444553540000\" width=\"400\" height=\"326\" codebase=\"http:\/\/download.macromedia.com\/pub\/shockwave\/cabs\/flash\/swflash.cab#version=6,0,40,0\"><param name=\"allowFullScreen\" value=\"true\" \/><param name=\"allowscriptaccess\" value=\"always\" \/><param name=\"src\" value=\"http:\/\/www.youtube.com\/v\/XUPG-9WekyE&amp;hl=ru&amp;fs=1\" \/><embed type=\"application\/x-shockwave-flash\" width=\"400\" height=\"326\" src=\"http:\/\/www.youtube.com\/v\/XUPG-9WekyE&amp;hl=ru&amp;fs=1\" allowscriptaccess=\"always\" allowfullscreen=\"true\"><\/embed><\/object><\/p>\n<p style=\"text-align: left;\">[03.02.2009] <a href=\"http:\/\/www.curaj.net\/?p=10005\" target=\"_blank\">Alo! Recep\u0163ia! Ei vin tot mai mul\u0163i \u015fi mai mul\u0163i!!!<\/a> &#8211; <a href=\"http:\/\/www.youtube.com\/watch?v=wWU-JX0XJL8\" target=\"_blank\">sursa<\/a> | [<a href=\"http:\/\/www.voobys.com\/watch?v=wWU-JX0XJL8\" target=\"_blank\">pt downloadare<\/a>]<\/p>\n<p style=\"text-align: center;\"><object classid=\"clsid:d27cdb6e-ae6d-11cf-96b8-444553540000\" width=\"400\" height=\"327\" codebase=\"http:\/\/download.macromedia.com\/pub\/shockwave\/cabs\/flash\/swflash.cab#version=6,0,40,0\"><param name=\"allowFullScreen\" value=\"true\" \/><param name=\"allowscriptaccess\" value=\"always\" \/><param name=\"src\" value=\"http:\/\/www.youtube.com\/v\/wWU-JX0XJL8&amp;hl=en&amp;fs=1\" \/><embed type=\"application\/x-shockwave-flash\" width=\"400\" height=\"327\" src=\"http:\/\/www.youtube.com\/v\/wWU-JX0XJL8&amp;hl=en&amp;fs=1\" allowscriptaccess=\"always\" allowfullscreen=\"true\"><\/embed><\/object><\/p>\n<p style=\"text-align: left;\">[29.01.2009] <a href=\"http:\/\/www.curaj.net\/?p=9654\" target=\"_blank\">Protest pa\u015fnic sugrumat violent \u00een fa\u0163a Procuraturii Generale<\/a> &#8211; <a href=\"http:\/\/www.youtube.com\/watch?v=4FCFM1IvgBA\" target=\"_blank\">sursa<\/a> | [<a href=\"http:\/\/www.voobys.com\/watch?v=4FCFM1IvgBA\" target=\"_blank\">pt downloadare<\/a>]<\/p>\n<p style=\"text-align: center;\"><object classid=\"clsid:d27cdb6e-ae6d-11cf-96b8-444553540000\" width=\"400\" height=\"336\" codebase=\"http:\/\/download.macromedia.com\/pub\/shockwave\/cabs\/flash\/swflash.cab#version=6,0,40,0\"><param name=\"allowFullScreen\" value=\"true\" \/><param name=\"allowscriptaccess\" value=\"always\" \/><param name=\"src\" value=\"http:\/\/www.youtube.com\/v\/4FCFM1IvgBA&amp;hl=en&amp;fs=1\" \/><embed type=\"application\/x-shockwave-flash\" width=\"400\" height=\"336\" src=\"http:\/\/www.youtube.com\/v\/4FCFM1IvgBA&amp;hl=en&amp;fs=1\" allowscriptaccess=\"always\" allowfullscreen=\"true\"><\/embed><\/object><\/p>\n<ul>\n<li>M\u0103t\u0103saru protesteaz\u0103 la Procuratura General\u0103 &#8211; <a href=\"http:\/\/www.youtube.com\/watch?v=MND9QjQoOV0\" target=\"_self\">sursa<\/a> [<a href=\"http:\/\/www.voobys.com\/watch?v=MND9QjQoOV0\" target=\"_blank\">pt downloadare<\/a>]<\/li>\n<\/ul>\n<p style=\"text-align: center;\"><object classid=\"clsid:d27cdb6e-ae6d-11cf-96b8-444553540000\" width=\"400\" height=\"317\" codebase=\"http:\/\/download.macromedia.com\/pub\/shockwave\/cabs\/flash\/swflash.cab#version=6,0,40,0\"><param name=\"allowFullScreen\" value=\"true\" \/><param name=\"allowscriptaccess\" value=\"always\" \/><param name=\"src\" value=\"http:\/\/www.youtube.com\/v\/MND9QjQoOV0&amp;hl=en&amp;fs=1\" \/><embed type=\"application\/x-shockwave-flash\" width=\"400\" height=\"317\" src=\"http:\/\/www.youtube.com\/v\/MND9QjQoOV0&amp;hl=en&amp;fs=1\" allowscriptaccess=\"always\" allowfullscreen=\"true\"><\/embed><\/object><\/p>\n<p style=\"text-align: left;\">[20.01.2009] <a href=\"http:\/\/www.curaj.net\/?p=9157\" target=\"_blank\">Funeraliile v\u0103zute altfel dec\u00eet la Moldova 1<\/a> &#8211; <a href=\"http:\/\/video.google.com\/videoplay?docid=3170150625506369066\" target=\"_blank\">sursa<\/a> | [<a href=\"http:\/\/vp.video.google.com\/videodownload?version=0&amp;secureurl=TQAAAJsjzUI3XP6XhTnHGBKU-Xi28aQB3tHfAF4xrrKsBbJe5QmBLvca6RA9n6MuK7dna7pkO26iXD7ADl80kHB-RSL7AKagowU3rUiTcfGkLn1T&amp;sigh=V-ygN7WgiHjw8GxqMFnMuxrV3_k\" target=\"_blank\">pt downloadare<\/a>]<\/p>\n<p style=\"text-align: center;\"><object classid=\"clsid:d27cdb6e-ae6d-11cf-96b8-444553540000\" width=\"400\" height=\"313\" codebase=\"http:\/\/download.macromedia.com\/pub\/shockwave\/cabs\/flash\/swflash.cab#version=6,0,40,0\"><param name=\"id\" value=\"VideoPlayback\" \/><param name=\"src\" value=\"http:\/\/video.google.com\/googleplayer.swf?docid=3170150625506369066&amp;hl=ru&amp;fs=true\" \/><embed id=\"VideoPlayback\" type=\"application\/x-shockwave-flash\" width=\"400\" height=\"313\" src=\"http:\/\/video.google.com\/googleplayer.swf?docid=3170150625506369066&amp;hl=ru&amp;fs=true\"><\/embed><\/object><\/p>\n<p style=\"text-align: left;\">[25.12.2008] <a href=\"http:\/\/www.curaj.net\/?p=8175\" target=\"_blank\">Mar\u015f \u00een sus\u0163inerea libert\u0103\u0163ii \u00eentrunirilor \u00een Moldova<\/a> &#8211; <a href=\"http:\/\/www.youtube.com\/watch?v=PTTKQzaRllk\">sursa<\/a> | [<a href=\"http:\/\/www.voobys.com\/watch?v=PTTKQzaRllk\">pt downloadare<\/a>]<\/p>\n<p style=\"text-align: center;\"><object classid=\"clsid:d27cdb6e-ae6d-11cf-96b8-444553540000\" width=\"400\" height=\"298\" codebase=\"http:\/\/download.macromedia.com\/pub\/shockwave\/cabs\/flash\/swflash.cab#version=6,0,40,0\"><param name=\"allowFullScreen\" value=\"true\" \/><param name=\"allowscriptaccess\" value=\"always\" \/><param name=\"src\" value=\"http:\/\/www.youtube.com\/v\/PTTKQzaRllk&amp;hl=en&amp;fs=1\" \/><embed type=\"application\/x-shockwave-flash\" width=\"400\" height=\"298\" src=\"http:\/\/www.youtube.com\/v\/PTTKQzaRllk&amp;hl=en&amp;fs=1\" allowscriptaccess=\"always\" allowfullscreen=\"true\"><\/embed><\/object><\/p>\n<p style=\"text-align: left;\">[18.12.2008] <a href=\"http:\/\/www.curaj.net\/?p=7771\" target=\"_blank\">Flash-mob Hyde Park sugruma cu brutalitate de poli\u0163i\u015fti \u00een civil<\/a> <em>&#8211; <\/em><a href=\"http:\/\/video.google.com\/videoplay?docid=-803770325867337404&amp;ei=NWaySae_BovW2wKPyKGMBA&amp;q=Hyde+Park+Anatol+Hristea%2BStan&amp;emb=1\" target=\"_blank\">sursa<\/a><em> <\/em>| [<a href=\"http:\/\/vp.video.google.com\/videodownload?version=0&amp;secureurl=TQAAAJvE9PoBqPvKhxVwjvCdevdCa9fjnlDIqqgESAzXaAWsEskOyO3PxxJUijj7sUATpCob57g4E3w8Tg_yia8BHMdrY5NO0mK0ZSO0SsKBnViB&amp;sigh=h-C1fy7pheLAqduBz_ao3-J6edg\" target=\"_blank\">pt downloadare<\/a>]<\/p>\n<p style=\"text-align: center;\"><object classid=\"clsid:d27cdb6e-ae6d-11cf-96b8-444553540000\" width=\"400\" height=\"287\" codebase=\"http:\/\/download.macromedia.com\/pub\/shockwave\/cabs\/flash\/swflash.cab#version=6,0,40,0\"><param name=\"id\" value=\"VideoPlayback\" \/><param name=\"src\" value=\"http:\/\/video.google.com\/googleplayer.swf?docid=-803770325867337404&amp;hl=en&amp;fs=true\" \/><embed id=\"VideoPlayback\" type=\"application\/x-shockwave-flash\" width=\"400\" height=\"287\" src=\"http:\/\/video.google.com\/googleplayer.swf?docid=-803770325867337404&amp;hl=en&amp;fs=true\"><\/embed><\/object><\/p>\n<p style=\"text-align: left;\">[18.11.2008] <a href=\"http:\/\/www.curaj.net\/?p=6301\" target=\"_blank\">Ziarist agresat de oameni \u00een civil din garda preziden\u0163ial\u0103<\/a> &#8211; <a href=\"http:\/\/www.youtube.com\/watch?v=zWr9m-IshSY\" target=\"_blank\">sursa<\/a> | <a href=\"http:\/\/it.truveo.com\/Cameraman-agresat-de-paza-prex15Fedintelui-Voronin\/id\/2321526535\" target=\"_blank\">sursa 2<\/a> | [<a href=\"http:\/\/www.voobys.com\/watch?v=zWr9m-IshSY\" target=\"_blank\">pt downloadare<\/a>]<\/p>\n<p style=\"text-align: center;\"><object classid=\"clsid:d27cdb6e-ae6d-11cf-96b8-444553540000\" width=\"402\" height=\"286\" codebase=\"http:\/\/download.macromedia.com\/pub\/shockwave\/cabs\/flash\/swflash.cab#version=6,0,40,0\"><param name=\"allowFullScreen\" value=\"true\" \/><param name=\"allowscriptaccess\" value=\"always\" \/><param name=\"src\" value=\"http:\/\/www.youtube.com\/v\/zWr9m-IshSY&amp;hl=en&amp;fs=1\" \/><embed type=\"application\/x-shockwave-flash\" width=\"402\" height=\"286\" src=\"http:\/\/www.youtube.com\/v\/zWr9m-IshSY&amp;hl=en&amp;fs=1\" allowscriptaccess=\"always\" allowfullscreen=\"true\"><\/embed><\/object><\/p>\n<p style=\"text-align: left;\">[09.07.2008] <a href=\"http:\/\/www.curaj.net\/?p=4706\" target=\"_blank\">Ziarist agresat de un procuror \u00een curtea Procuraturii mun. Chi\u015fin\u0103u<\/a> &#8211; <a href=\"http:\/\/www.neogen.ro\/videos\/by\/o.brega\/view\/sdojem7q7d2azoky0dxz6m5ognhj2kuv\" target=\"_blank\">sursa<\/a> | [pt downloadare]<\/p>\n<p style=\"text-align: center;\"><object classid=\"clsid:d27cdb6e-ae6d-11cf-96b8-444553540000\" width=\"400\" height=\"315\" codebase=\"http:\/\/download.macromedia.com\/pub\/shockwave\/cabs\/flash\/swflash.cab#version=6,0,40,0\"><param name=\"wmode\" value=\"transparent\" \/><param name=\"allowFullScreen\" value=\"true\" \/><param name=\"src\" value=\"http:\/\/video.neogen.ro\/flash_player\/flash\/player.swf?id=87159&amp;idcluster=1&amp;videoUrl=http:\/\/video.neogen.ro\/user\/o.brega\/sdojem7q7d2azoky0dxz6m5ognhj2kuv\/&amp;embed=1&amp;path=http:\/\/video.neogen.ro\/\" \/><embed type=\"application\/x-shockwave-flash\" width=\"400\" height=\"315\" src=\"http:\/\/video.neogen.ro\/flash_player\/flash\/player.swf?id=87159&amp;idcluster=1&amp;videoUrl=http:\/\/video.neogen.ro\/user\/o.brega\/sdojem7q7d2azoky0dxz6m5ognhj2kuv\/&amp;embed=1&amp;path=http:\/\/video.neogen.ro\/\" allowfullscreen=\"true\" wmode=\"transparent\"><\/embed><\/object><\/p>\n<p style=\"text-align: left;\">[11 Mai 2008] Manifestations against gay march in Chisinau &#8211; <a href=\"http:\/\/www.youtube.com\/watch?v=vtGXVdA6rgY\" target=\"_blank\">sursa<\/a> | [<a href=\"http:\/\/www.voobys.com\/watch?v=vtGXVdA6rgY\" target=\"_blank\">pt downloadare<\/a>]<\/p>\n<p style=\"text-align: center;\"><object classid=\"clsid:d27cdb6e-ae6d-11cf-96b8-444553540000\" width=\"400\" height=\"301\" codebase=\"http:\/\/download.macromedia.com\/pub\/shockwave\/cabs\/flash\/swflash.cab#version=6,0,40,0\"><param name=\"allowFullScreen\" value=\"true\" \/><param name=\"allowscriptaccess\" value=\"always\" \/><param name=\"src\" value=\"http:\/\/www.youtube.com\/v\/vtGXVdA6rgY&amp;hl=en&amp;fs=1\" \/><embed type=\"application\/x-shockwave-flash\" width=\"400\" height=\"301\" src=\"http:\/\/www.youtube.com\/v\/vtGXVdA6rgY&amp;hl=en&amp;fs=1\" allowscriptaccess=\"always\" allowfullscreen=\"true\"><\/embed><\/object><\/p>\n<p>[10.05.2008] <a href=\"http:\/\/www.curaj.net\/?p=3837 \" target=\"_blank\">Jurnalist agresat de catre politisti in civil in fata Guvernului<\/a> &#8211; <a href=\"http:\/\/www.youtube.com\/watch?v=VVS1xLUz-cY\" target=\"_blank\">sursa<\/a> | [<a href=\"http:\/\/www.voobys.com\/watch?v=VVS1xLUz-cY\" target=\"_blank\">pt downlaoadare<\/a>]<\/p>\n<p style=\"text-align: center;\"><object classid=\"clsid:d27cdb6e-ae6d-11cf-96b8-444553540000\" width=\"400\" height=\"303\" codebase=\"http:\/\/download.macromedia.com\/pub\/shockwave\/cabs\/flash\/swflash.cab#version=6,0,40,0\"><param name=\"allowFullScreen\" value=\"true\" \/><param name=\"allowscriptaccess\" value=\"always\" \/><param name=\"src\" value=\"http:\/\/www.youtube.com\/v\/VVS1xLUz-cY&amp;hl=en&amp;fs=1\" \/><embed type=\"application\/x-shockwave-flash\" width=\"400\" height=\"303\" src=\"http:\/\/www.youtube.com\/v\/VVS1xLUz-cY&amp;hl=en&amp;fs=1\" allowscriptaccess=\"always\" allowfullscreen=\"true\"><\/embed><\/object><\/p>\n<p style=\"text-align: left;\">[10.05.2008] <a href=\"http:\/\/www.curaj.net\/?p=3837 \" target=\"_blank\">Filmare facut\u0103 de MAI (cazul jurnalistului agresat)<\/a> &#8211; <a href=\"http:\/\/www.youtube.com\/watch?v=PwYhFDpvLAw\" target=\"_blank\">sursa<\/a> | [<a href=\"http:\/\/www.voobys.com\/watch?v=PwYhFDpvLAw\" target=\"_blank\">pt downloadare<\/a>]<\/p>\n<p style=\"text-align: center;\"><object classid=\"clsid:d27cdb6e-ae6d-11cf-96b8-444553540000\" width=\"400\" height=\"324\" codebase=\"http:\/\/download.macromedia.com\/pub\/shockwave\/cabs\/flash\/swflash.cab#version=6,0,40,0\"><param name=\"allowFullScreen\" value=\"true\" \/><param name=\"allowscriptaccess\" value=\"always\" \/><param name=\"src\" value=\"http:\/\/www.youtube.com\/v\/PwYhFDpvLAw&amp;hl=en&amp;fs=1\" \/><embed type=\"application\/x-shockwave-flash\" width=\"400\" height=\"324\" src=\"http:\/\/www.youtube.com\/v\/PwYhFDpvLAw&amp;hl=en&amp;fs=1\" allowscriptaccess=\"always\" allowfullscreen=\"true\"><\/embed><\/object><\/p>\n<p>[30.04.2008] <a href=\"http:\/\/www.curaj.net\/?p=3793\" target=\"_blank\">Imagini video de la mitingul din 30 aprilie 2008 din Chisinau<\/a> &#8211; <a href=\"http:\/\/www.youtube.com\/watch?v=ZFuwR0fQd_0\" target=\"_blank\">sursa<\/a> | [<a href=\"http:\/\/www.voobzs.com\/watch?v=ZFuwR0fQd_0\" target=\"_blank\">pt downloadare<\/a>]<\/p>\n<p style=\"text-align: center;\"><object classid=\"clsid:d27cdb6e-ae6d-11cf-96b8-444553540000\" width=\"400\" height=\"305\" codebase=\"http:\/\/download.macromedia.com\/pub\/shockwave\/cabs\/flash\/swflash.cab#version=6,0,40,0\"><param name=\"allowFullScreen\" value=\"true\" \/><param name=\"allowscriptaccess\" value=\"always\" \/><param name=\"src\" value=\"http:\/\/www.youtube.com\/v\/ZFuwR0fQd_0&amp;hl=en&amp;fs=1\" \/><embed type=\"application\/x-shockwave-flash\" width=\"400\" height=\"305\" src=\"http:\/\/www.youtube.com\/v\/ZFuwR0fQd_0&amp;hl=en&amp;fs=1\" allowscriptaccess=\"always\" allowfullscreen=\"true\"><\/embed><\/object><\/p>\n<p style=\"text-align: left;\"><strong>30 aprilie 08<\/strong> (miting impotriva minciunilor de la compania publica de televiziune &#8211; a avut loc in fata Palatului National si a durat doar 7-8 minute) : PATRU membri si simpatizanti Hyde Park au fost tinuti 22 de ore la politie. Ulterior <strong>Oleg Brega a mai stat alte 51 de ore (total 72 de ore!!!) dupa gratii <\/strong>(<em>vezi<\/em> <em><a href=\"..\/?s=30+aprilie\" target=\"_blank\">alte articole la acest subiect<\/a><\/em>)<\/p>\n<p>[22 Aprilie 2008] <a href=\"http:\/\/www.curaj.net\/?p=3763\" target=\"_blank\">Asta s-a intamplat la mitingul din 22 aprilie 08 la Chisinau<\/a> &#8211; <a href=\"http:\/\/www.neogen.ro\/videos\/by\/o.brega\/view\/l27wwf8vfm5pgifvz5u2a20lmbazkid6\" target=\"_blank\">sursa<\/a> | [pt downloadare]<\/p>\n<p style=\"text-align: center;\"><object classid=\"clsid:d27cdb6e-ae6d-11cf-96b8-444553540000\" width=\"400\" height=\"288\" codebase=\"http:\/\/download.macromedia.com\/pub\/shockwave\/cabs\/flash\/swflash.cab#version=6,0,40,0\"><param name=\"wmode\" value=\"transparent\" \/><param name=\"allowFullScreen\" value=\"true\" \/><param name=\"src\" value=\"http:\/\/video.neogen.ro\/flash_player\/flash\/player.swf?id=73448&amp;idcluster=1&amp;videoUrl=http:\/\/video.neogen.ro\/user\/o.brega\/l27wwf8vfm5pgifvz5u2a20lmbazkid6\/&amp;embed=1&amp;path=http:\/\/video.neogen.ro\/\" \/><embed type=\"application\/x-shockwave-flash\" width=\"400\" height=\"288\" src=\"http:\/\/video.neogen.ro\/flash_player\/flash\/player.swf?id=73448&amp;idcluster=1&amp;videoUrl=http:\/\/video.neogen.ro\/user\/o.brega\/l27wwf8vfm5pgifvz5u2a20lmbazkid6\/&amp;embed=1&amp;path=http:\/\/video.neogen.ro\/\" allowfullscreen=\"true\" wmode=\"transparent\"><\/embed><\/object><\/p>\n<p style=\"text-align: left;\"><strong>22 aprilie 08 <\/strong>(miting de protest in fata sediului Presedintiei R.Moldova &#8211; ceream respectarea drepturilor cetatenilor, si anume : dreptul la protest, la exprimare, la libera circulatie). Dupa 15 minute, patru persoane au fost duse la comisariatul de politie si tinute peste cinci ore dupa gratii. Instanta de judecata ne-a declarat nevinovati! (<em>vezi<\/em> <em><a href=\"..\/?s=22+aprilie\" target=\"_blank\">alte articole la acest subiect<\/a><\/em>)<\/p>\n<ul>\n<li>[09 iulie 2007] Noi proteste la consulatul roman din Chisinau &#8211; <a href=\"http:\/\/www.youtube.com\/watch?v=x_BAqyiVomo\" target=\"_blank\">sursa<\/a> | [<a href=\"http:\/\/www.voobys.com\/watch?v=x_BAqyiVomo\" target=\"_blank\">pt downloadare<\/a>]<\/li>\n<\/ul>\n<p style=\"text-align: center;\"><object classid=\"clsid:d27cdb6e-ae6d-11cf-96b8-444553540000\" width=\"402\" height=\"295\" codebase=\"http:\/\/download.macromedia.com\/pub\/shockwave\/cabs\/flash\/swflash.cab#version=6,0,40,0\"><param name=\"allowFullScreen\" value=\"true\" \/><param name=\"allowscriptaccess\" value=\"always\" \/><param name=\"src\" value=\"http:\/\/www.youtube.com\/v\/x_BAqyiVomo&amp;hl=en&amp;fs=1\" \/><embed type=\"application\/x-shockwave-flash\" width=\"402\" height=\"295\" src=\"http:\/\/www.youtube.com\/v\/x_BAqyiVomo&amp;hl=en&amp;fs=1\" allowscriptaccess=\"always\" allowfullscreen=\"true\"><\/embed><\/object><\/p>\n<p style=\"text-align: left;\">[30 august 2006] <strong>Protest Hyde Park suprimat de politie &#8211; imagini filmate de MAI<\/strong> &#8211; <a href=\"http:\/\/www.youtube.com\/watch?v=c5gFM0rH4-g\" target=\"_blank\">sursa<\/a> | <a href=\"http:\/\/www.dailymotion.com\/video\/x3mfpd_protest-hyde-park-suprimat-30082006_politics\" target=\"_blank\">sursa 2<\/a> | [<a href=\"http:\/\/www.voobys.com\/watch?v=c5gFM0rH4-g\" target=\"_blank\">pt downloadare<\/a>]<\/p>\n<p><em><a href=\"http:\/\/www.dailymotion.com\/anatoliejuraveli\"> <\/a><\/em><\/p>\n<p style=\"text-align: center;\"><object classid=\"clsid:d27cdb6e-ae6d-11cf-96b8-444553540000\" width=\"400\" height=\"324\" codebase=\"http:\/\/download.macromedia.com\/pub\/shockwave\/cabs\/flash\/swflash.cab#version=6,0,40,0\"><param name=\"allowFullScreen\" value=\"true\" \/><param name=\"allowscriptaccess\" value=\"always\" \/><param name=\"src\" value=\"http:\/\/www.youtube.com\/v\/c5gFM0rH4-g&amp;hl=en&amp;fs=1\" \/><embed type=\"application\/x-shockwave-flash\" width=\"400\" height=\"324\" src=\"http:\/\/www.youtube.com\/v\/c5gFM0rH4-g&amp;hl=en&amp;fs=1\" allowscriptaccess=\"always\" allowfullscreen=\"true\"><\/embed><\/object><\/p>\n<p style=\"text-align: left;\"><strong>30-31<\/strong> <strong>august 06<\/strong>, intentionam sa organizam o pichetare-maraton in fata Guvernului prin care sa cerem instalarea bustului lui Liviu Rebreanu pe Aleea Clasicilor. Doar prima zi a fost autorizata, celelalte 30 de zile fiindu-ne interzis sa protestam. (<em>vezi<\/em> <a href=\"..\/?s=30+august\" target=\"_blank\"><em>alte articole la acest subiect<\/em><\/a>)<\/p>\n<p style=\"text-align: center;\">&#8230;&#8230;&#8230;&#8230;&#8230;&#8230;&#8230;&#8230;&#8230;&#8230;&#8230;&#8230;&#8230;&#8230;&#8230;&#8230;&#8230;&#8230;&#8230;&#8230;&#8230;&#8230;.<\/p>\n<blockquote>\n<p style=\"text-align: left;\"><strong>Festivalul Interna\u0163ional de Film &#8222;<\/strong><strong><em>Cronograf<\/em>&#8222;, edi\u0163ia a VII-a, \u015fi-a desemnat c\u00e2\u015ftig\u0103torii<\/strong><\/p>\n<\/blockquote>\n<p style=\"text-align: center;\"><strong>Ultima vara inocenta a \u015etefaniei Moldovanu<\/strong> \/ Last innocent summer of \u015etefania Moldovanu<\/p>\n<p style=\"text-align: left;\">Regia \/Director : Oleg Brega | Imagine \/Director of photography : Ghenadie Brega | Republica Moldova \/ Republic of Moldova | 2008 | 25&#8242;<\/p>\n<p style=\"text-align: center;\"><object classid=\"clsid:d27cdb6e-ae6d-11cf-96b8-444553540000\" width=\"400\" height=\"284\" codebase=\"http:\/\/download.macromedia.com\/pub\/shockwave\/cabs\/flash\/swflash.cab#version=6,0,40,0\"><param name=\"wmode\" value=\"transparent\" \/><param name=\"allowFullScreen\" value=\"true\" \/><param name=\"src\" value=\"http:\/\/video.neogen.ro\/flash_player\/flash\/player.swf?id=61047&amp;idcluster=1&amp;videoUrl=http:\/\/video.neogen.ro\/user\/o.brega\/yv2xtx9n3pvrlh2qnhdej2ng1rg4xtjv\/&amp;embed=1&amp;path=http:\/\/video.neogen.ro\/\" \/><embed type=\"application\/x-shockwave-flash\" width=\"400\" height=\"284\" src=\"http:\/\/video.neogen.ro\/flash_player\/flash\/player.swf?id=61047&amp;idcluster=1&amp;videoUrl=http:\/\/video.neogen.ro\/user\/o.brega\/yv2xtx9n3pvrlh2qnhdej2ng1rg4xtjv\/&amp;embed=1&amp;path=http:\/\/video.neogen.ro\/\" allowfullscreen=\"true\" wmode=\"transparent\"><\/embed><\/object><\/p>\n<ul>\n<li>[RO] in 2007, \u015etefania Moldovanu (nume conspirativ) a avut o vara de neuitat. A aflat multe lucruri utile pentru un locuitor al acestei tari &#8211; aici mai multe lucruri sunt interzise decat permise, ca libertatea cuvantului si a intrunirii sunt doar vorbe frumoase. \u015etefania a decis sa nu emigreze, cum au facut multi altii, ci sa faca filme, pentru uz intern si export &#8211; in pofida interdictiilor&#8230;<\/li>\n<li>[EN] In 2007, \u015etefania Moldovanu (plot name) had an unforgotten summer. She has found a lot of useffull things for a habitant of this country &#8211; here a lot of things are rather forbidden than permited. She found out that the liberty of word and meeting are nothing more than beatutiful words. \u015etefania decided not to emigrate, like a lot of other people did, but to make movies for internal use also for export despire the interdictions.<\/li>\n<\/ul>\n<p class=\"storycontent\" style=\"text-align: right;\"><a href=\"http:\/\/www.curaj.net\/?p=10305\" target=\"_blank\">Imagini video marca HP (pana in 2008)<\/a><\/p>\n<p style=\"text-align: center;\"><a href=\"http:\/\/www.curaj.net\/wp-content\/uploads\/2008\/10\/pegasul_4.jpg\" target=\"_blank\"><img loading=\"lazy\" class=\"aligncenter\" src=\"http:\/\/www.curaj.net\/wp-content\/uploads\/2008\/09\/pegas_curaj.jpg\" alt=\"\" width=\"245\" height=\"183\" \/><\/a><\/p>\n<p style=\"text-align: center;\">_________________________________________________________________________________________<br \/>\n<a title=\"CETATENIE\" href=\"http:\/\/www.cetatenie.curaj.net\/\" target=\"_blank\">www.cetatenie.curaj.net<\/a> | <a title=\"CEDO\" href=\"http:\/\/www.cedo.curaj.net\/\" target=\"_blank\">cedo.curaj.net<\/a> | <a title=\"PROTEST\" href=\"http:\/\/www.protest.curaj.net\/\" target=\"_blank\">protest.curaj.net<\/a> | <a title=\"PRESA\" href=\"http:\/\/www.presa.curaj.net\/\" target=\"_blank\">presa.curaj.net<\/a> | <a title=\"VIDEO\" href=\"http:\/\/www.video.curaj.net\/\" target=\"_blank\">VIDEO.curaj.net<\/a><\/p>\n<p style=\"text-align: center;\">Alte resurse: <a href=\"http:\/\/www.megavideo.com\/u\/PublicTV\" target=\"_blank\">MegaVideo<\/a> | <a href=\"http:\/\/www.publictv.md\/ro\/Public_Assemblies\" target=\"_blank\">PublicTV<\/a><\/p>\n","protected":false},"excerpt":{"rendered":"<p>Cele mai noi Imagini VIDEO &#8211; www.VIDEO.curaj.net YouTube.com\/user\/VideoCuraj | Video.neogen.ro\/user\/o.brega [09.03.2009] Bodyguarzii agreseaz\u0103 iar presa liber\u0103! | sursa [pt downloadare] Moldova voteaz\u0103! | sursa [pt downloadare] [03.02.2009] Provocare violent\u0103, colorat\u0103 \u015fi mascat\u0103 la Procuratura General\u0103 &#8211; sursa | [pt downloadare] &#8211; [03.02.2009] Alo! Recep\u0163ia! Ei vin tot mai mul\u0163i \u015fi mai mul\u0163i!!! &#8211; sursa | [&hellip;]<\/p>\n","protected":false},"author":1,"featured_media":0,"parent":387,"menu_order":0,"comment_status":"open","ping_status":"open","template":"","meta":[],"_links":{"self":[{"href":"https:\/\/www.sergiubrega.com\/curajnet\/index.php?rest_route=\/wp\/v2\/pages\/2626"}],"collection":[{"href":"https:\/\/www.sergiubrega.com\/curajnet\/index.php?rest_route=\/wp\/v2\/pages"}],"about":[{"href":"https:\/\/www.sergiubrega.com\/curajnet\/index.php?rest_route=\/wp\/v2\/types\/page"}],"author":[{"embeddable":true,"href":"https:\/\/www.sergiubrega.com\/curajnet\/index.php?rest_route=\/wp\/v2\/users\/1"}],"replies":[{"embeddable":true,"href":"https:\/\/www.sergiubrega.com\/curajnet\/index.php?rest_route=%2Fwp%2Fv2%2Fcomments&post=2626"}],"version-history":[{"count":55,"href":"https:\/\/www.sergiubrega.com\/curajnet\/index.php?rest_route=\/wp\/v2\/pages\/2626\/revisions"}],"predecessor-version":[{"id":4508,"href":"https:\/\/www.sergiubrega.com\/curajnet\/index.php?rest_route=\/wp\/v2\/pages\/2626\/revisions\/4508"}],"up":[{"embeddable":true,"href":"https:\/\/www.sergiubrega.com\/curajnet\/index.php?rest_route=\/wp\/v2\/pages\/387"}],"wp:attachment":[{"href":"https:\/\/www.sergiubrega.com\/curajnet\/index.php?rest_route=%2Fwp%2Fv2%2Fmedia&parent=2626"}],"curies":[{"name":"wp","href":"https:\/\/api.w.org\/{rel}","templated":true}]}}