{"id":321,"date":"2006-01-07T02:57:18","date_gmt":"2006-01-07T00:57:18","guid":{"rendered":"http:\/\/www.curaj.net\/?page_id=321"},"modified":"2009-01-28T21:45:20","modified_gmt":"2009-01-28T19:45:20","slug":"explicathie","status":"publish","type":"page","link":"https:\/\/www.sergiubrega.com\/curajnet\/?page_id=321","title":{"rendered":"&#8211; Regulament Curaj.Net"},"content":{"rendered":"<p><strong>Regulamentul portalului Curaj.net<\/strong><\/p>\n<blockquote><p>Art. 1. <strong>Portalul <a href=\"http:\/\/www.curaj.net\" target=\"_blank\">www.curaj.net<\/a> este un proiect interactiv<\/strong>,<\/p><\/blockquote>\n<p>non-profit si fara afiliere politica, intretinut de <a href=\"http:\/\/www.brega.org\" target=\"_blank\">fratii Brega<\/a> si <a href=\"http:\/\/www.curaj.net\/hp\" target=\"_blank\">Asociatia Hyde Park<\/a><\/p>\n<blockquote><p>Art. 2. <strong>Curaj.net incurajeaza libertatea de exprimare, gandirea critica<\/strong><\/p><\/blockquote>\n<p>si este accesibil pentru oricine are ceva de spus, comentat, replicat, indiferent de limba vorbita, nationalitate, locul aflarii, gen, rasa, nu conteaza nici optiunile culinare, sexuale, politice, religioase etc.<\/p>\n<blockquote><p>Art. 3. <strong>Oricine poate comenta sau publica texte si imagini proprii<\/strong><\/p><\/blockquote>\n<p>Pentru aceasta e suficient sa va faceti un cont pe sit, cu un nume la alegere, cel real sau unul inventat. Comentariile se pot face si fara a avea un cont, chiar anonim.<\/p>\n<blockquote><p>Art. 4. <strong>Sunt acceptate doar textele scrise de utilizatorii portalului si nu cele preluate<\/strong><\/p><\/blockquote>\n<p>Daca faceti trimitere la un text strain, respectati regula citatelor. Recomandam folosirea unul volum rezonabil de citate<strong> <\/strong>(nu mai mult de o treime din semnele intregului text), cu trimiterea obligatorie la surse.<\/p>\n<blockquote><p>Art. 5. <strong>Articolele publicate vor ramane pe prima pagina pana cand vor fi inlocuite de altele noi<\/strong><\/p><\/blockquote>\n<p>Toate materialele care apar pe Curaj.Net se pastreaza in arhiva si pot fi accesate de oricine, oricand (inclusiv comentariile!) prin indicarea unui cuvant cheie la rubrica \u201ccautare\u201d.<\/p>\n<blockquote><p>Art. 6. <strong>Nu se permite decit ca exceptie (neaparat motivata expres)<\/strong><\/p><\/blockquote>\n<p>folosirea optiunii sticky sau modificarea datei de aparitie a articolului, deoarece fiecare are drepturi egale, inclusiv acela de a aparea pe prima pagina in ziua postarii.<\/p>\n<blockquote><p>Art. 7. <strong>Echipa <a href=\"http:\/\/www.curaj.net\" target=\"_blank\">www.curaj.net<\/a> isi rezerva dreptul de a publica opiniile<\/strong><\/p><\/blockquote>\n<p>si comentariile aparute pe sit in varianta tiparita a publicatiei &#8211; <strong>ziarul \u201cCuraj\u201d<\/strong> [<a href=\"http:\/\/www.curaj.net\/?page_id=529\" target=\"_blank\">arhiva publicatiei o gasiti aici<\/a>]<\/p>\n<blockquote><p>Art. 8.\u00a0 <strong>Nu se recomanda insultarea persoanelor<\/strong>,<\/p><\/blockquote>\n<p>discutarea numelui, culorii pielii, a limbii vorbite (nu conteaza confesiunea sau preferinta sexuala a omului, ci declaratiile si faptele sale), utilizarea imaginilor\/cuvintelor obscene sau ofensatoare.<\/p>\n<blockquote><p>Art. 9. <strong>Atit pe Curaj.net cit si pe forum va incurajam sa scrieti cu diacritice romanesti<\/strong>,<\/p><\/blockquote>\n<p align=\"left\">pentru a usura lectura celor care va vor citi si noua munca de redactare la publicarea in ziar a opiniilor Dvs.<\/p>\n<blockquote>\n<p align=\"left\">Art. 10. <strong>Administratia nu-si asuma raspunderea pentru opiniile si anunturile facute de utilizatori<\/strong>i sitului, responsabilitatea intreaga revine autorilor.<\/p>\n<\/blockquote>\n<blockquote><p><strong>i n d r a z n i t i, alaturati-va echipei Curaj.Net<\/strong><\/p><\/blockquote>\n<ul>\n<li>(*) Hyde Park este un parc din Londra. Este renumit in special pentru o zona a sa, Speakers\u2019 Corner (coltul oratorilor), unde oricine poate lua cuvintul pentru a da glas problemelor care-l framinta. Prin extensie, Hyde Park a devenit un simbol al libertatii de exprimare.<br \/>\n________________________________________________________________________<\/li>\n<\/ul>\n<p>De acest portal sunt responsabili membri si nemebri ai asociatiei Hyde Park. Nu oricine si-a facut cont pe acest sit e si membru HP. Vedeti in curind pe pagina oficiala www.curaj.net\/hp lista de membri activi si cu drept de vot. Mai jos va oferim lista de administratori si editori de pe Curaj.Net:<br \/>\nAdministratori cu functii nelimitate decit de posibilitatile tehnice ale sitului si cunostintele de IT<br \/>\n<strong>Sergiu Brega<\/strong> &#8211; <a href=\"mailto:sergiu@brega.org\">sergiu[at]brega.org<\/a> | YMS : <strong>sergiubrega <\/strong>&#8211; tel. (+40) 745681801<br \/>\n<strong>Ghenadie Brega &#8211;<\/strong> <a href=\"mailto:ghenadie@brega.org\">ghenadie<\/a><a href=\"mailto:sergiu@brega.org\">[at]<\/a><a href=\"mailto:ghenadie@brega.org\">brega.org<\/a> | YMS : <strong>ghe_brega<\/strong> &#8211; tel. (+373) 69801212<br \/>\n<strong>Oleg Brega<\/strong> &#8211; <a href=\"mailto:oleg@brega.org\">oleg<\/a><a href=\"mailto:sergiu@brega.org\">[at]<\/a><a href=\"mailto:oleg@brega.org\">brega.org<\/a> | YMS : <strong>olegbrega <\/strong>&#8211; tel.\u00a0 (+373) 69350894<br \/>\n<strong>Mariana Galescu<\/strong>. Toti patru mai pot semna ca <em>admin<\/em><\/p>\n<p>Editori cu functii mai putine:<\/p>\n<p><strong>Gheorghe Lupusoru<\/strong><br \/>\n<strong>Alina Didilica<br \/>\nAnatol Hristea-Stan<\/strong><\/p>\n<p>Ei sunt admini de rezerva&#8230;<\/p>\n<p>in curind o sa afisam posibilitati de ai-i contacta direct pe email, telefonic sau pe messenger, deocamdata folositi datele de la subsolul paginii.<\/p>\n<p><strong><em>\u00cendr\u0103zni\u0163i!<\/em><\/strong><\/p>\n","protected":false},"excerpt":{"rendered":"<p>Regulamentul portalului Curaj.net Art. 1. Portalul www.curaj.net este un proiect interactiv, non-profit si fara afiliere politica, intretinut de fratii Brega si Asociatia Hyde Park Art. 2. Curaj.net incurajeaza libertatea de exprimare, gandirea critica si este accesibil pentru oricine are ceva de spus, comentat, replicat, indiferent de limba vorbita, nationalitate, locul aflarii, gen, rasa, nu conteaza [&hellip;]<\/p>\n","protected":false},"author":1,"featured_media":0,"parent":1313,"menu_order":0,"comment_status":"open","ping_status":"open","template":"","meta":[],"_links":{"self":[{"href":"https:\/\/www.sergiubrega.com\/curajnet\/index.php?rest_route=\/wp\/v2\/pages\/321"}],"collection":[{"href":"https:\/\/www.sergiubrega.com\/curajnet\/index.php?rest_route=\/wp\/v2\/pages"}],"about":[{"href":"https:\/\/www.sergiubrega.com\/curajnet\/index.php?rest_route=\/wp\/v2\/types\/page"}],"author":[{"embeddable":true,"href":"https:\/\/www.sergiubrega.com\/curajnet\/index.php?rest_route=\/wp\/v2\/users\/1"}],"replies":[{"embeddable":true,"href":"https:\/\/www.sergiubrega.com\/curajnet\/index.php?rest_route=%2Fwp%2Fv2%2Fcomments&post=321"}],"version-history":[{"count":4,"href":"https:\/\/www.sergiubrega.com\/curajnet\/index.php?rest_route=\/wp\/v2\/pages\/321\/revisions"}],"predecessor-version":[{"id":4225,"href":"https:\/\/www.sergiubrega.com\/curajnet\/index.php?rest_route=\/wp\/v2\/pages\/321\/revisions\/4225"}],"up":[{"embeddable":true,"href":"https:\/\/www.sergiubrega.com\/curajnet\/index.php?rest_route=\/wp\/v2\/pages\/1313"}],"wp:attachment":[{"href":"https:\/\/www.sergiubrega.com\/curajnet\/index.php?rest_route=%2Fwp%2Fv2%2Fmedia&parent=321"}],"curies":[{"name":"wp","href":"https:\/\/api.w.org\/{rel}","templated":true}]}}