{"id":361,"date":"2006-01-29T10:24:04","date_gmt":"2006-01-29T08:24:04","guid":{"rendered":"http:\/\/www.curaj.net\/?page_id=361"},"modified":"2009-01-28T15:03:29","modified_gmt":"2009-01-28T13:03:29","slug":"sustine-actiunile-hp","status":"publish","type":"page","link":"https:\/\/www.sergiubrega.com\/curajnet\/?page_id=361","title":{"rendered":"PROIECTE"},"content":{"rendered":"<p class=\"MsoNormal\" style=\"text-align: justify\">&#8230;&#8230;&#8230;&#8230;&#8230;&#8230;&#8230;&#8230;&#8230;&#8230;&#8230;&#8230;<br \/>\n<strong>I. PROIECTE <\/strong><strong>in derulare<\/strong>:<\/p>\n<p class=\"MsoNormal\"><span style=\"font-family: Verdana;\">De la infiint<\/span><span style=\"font-family: Verdana;\">a<\/span><span style=\"font-family: Verdana;\">rea organizatiei Hyde Park (in 2003), facem tot ce ne sta in puteri pentru a contribui la democratizarea societatii basarabene si ne dorim ca proiectele pe care le derulam sa poata avea o continuitate. Dintre proiectele noastre de succes, mentionam: <\/span><\/p>\n<ul>\n<li><strong><span style=\"font-family: Verdana;\">Portalul www.curaj.net <\/span><\/strong><span style=\"font-family: Verdana;\"><strong><a href=\"http:\/\/www.curaj.net\/\/?page_id=321\">un site de liber\u0103 exprimare<\/a><\/strong>,      accesibil tuturor doritorilor de a-\u015fi face cunoscute opiniile <\/span><\/li>\n<li><strong><span style=\"font-family: Verdana;\">Publica\u0163ia Curaj<\/span><\/strong><span style=\"font-family: Verdana;\"> apare din august 2005 &#8211; primele 28 de numere <a href=\"http:\/\/www.curaj.net\/?page_id=529\" target=\"_blank\">le g\u0103si\u0163i \u00een ARHIVA <\/a><\/span><a href=\"http:\/\/www.curaj.net\/?page_id=529\" target=\"_blank\">\u00een format .PDF<\/a><\/li>\n<li><a href=\"http:\/\/www.curaj.net\/?page_id=1401\" target=\"_blank\"><strong><span style=\"font-family: Verdana;\">Realizarea \u015fi mediatizarea <\/span><\/strong><\/a><span style=\"font-family: Verdana;\"><a href=\"http:\/\/www.curaj.net\/?page_id=1401\" target=\"_blank\"><strong>peti\u0163iilor<\/strong><\/a><\/span> <span style=\"font-family: Verdana;\">a memoriilor si a <\/span><span style=\"font-family: Verdana;\">intrunirilor publice tematice &#8211; pentru a <\/span><span style=\"font-family: Verdana;\">facilita dialogul intre autoritati si cetateni<\/span><span style=\"font-family: Verdana;\">.<\/span><\/li>\n<li><span style=\"font-family: Verdana;\"><strong><a href=\"http:\/\/www.curaj.net\/?page_id=1348\" target=\"_blank\">Maraton Oratoric<\/a><\/strong> \u00een Chi\u015fin\u0103u \u015fi \u00een localit\u0103\u0163ile Rep.Moldova.<\/span><\/li>\n<li><span style=\"font-family: Verdana;\"><strong><a href=\"http:\/\/www.curaj.net\/?page_id=509\" target=\"_blank\">Proteste ale Asocia\u0163iei Hyde Park<\/a><\/strong> \u015fi ale altor organiza\u0163ii cu care colabor\u0103m.<\/span><\/li>\n<li><strong>Volumul despre Hyde Park <\/strong><a href=\"http:\/\/www.curaj.net\/?p=150\" target=\"_blank\">poate fi accesat \u015fi pe Internet<\/a><\/li>\n<li><strong><a href=\"http:\/\/www.curaj.net\/?p=1097\" target=\"_blank\"><span style=\"font-family: Verdana;\">Dezbateri publice s\u0103pt\u0103m\u00e2nale<\/span><\/a><\/strong><span style=\"font-family: Verdana;\"> la care sunt aduse \u00een discu\u0163ie principalele probleme \u015fi      evenimentele importante din societatea basarabean\u0103.<\/span><\/li>\n<li><strong><span style=\"font-family: Verdana;\">Buletinul informativ &#8222;Hyde Park&#8221; <\/span><\/strong><span style=\"font-family: Verdana;\">pe care l-am difuzat in fiecare duminica pe Aleea Clasicilor din Chisinau si in localitatile in care am avut proiecte (<\/span><span style=\"font-family: Verdana;\"><a href=\"http:\/\/www.curaj.net\/forum\/viewforum.php?f=3\">timp de 100 de      saptamani<\/a>, perioada 2003-2005<\/span><span style=\"font-family: Verdana;\"><em> &#8211; <\/em><em><a href=\"http:\/\/www.hp.curaj.net\/grantNorvegia.html\">detalii aici<\/a><\/em>).<\/span><\/li>\n<\/ul>\n<p style=\"text-align: center;\"><strong><span style=\"font-family: Verdana;\">G\u0103zduim mai multe pagini<\/span><\/strong><span style=\"font-family: Verdana;\"> pe situl Curaj.Net: <\/span><\/p>\n<p style=\"text-align: center;\"><span style=\"font-family: Verdana;\"><a href=\"http:\/\/www.curaj.net\/unire\" target=\"_blank\">www.curaj.net\/unire<\/a> | <a href=\"http:\/\/www.curaj.net\/dubasari\" target=\"_blank\">www.curaj.net\/dubasari<\/a> | <a href=\"http:\/\/www.curaj.net\/anticca\" target=\"_blank\">www.curaj.net\/anticca<\/a> | <a href=\"http:\/\/www.curaj.net\/filatelie\" target=\"_blank\">www.curaj.net\/filatelie<\/a> | <a href=\"http:\/\/www.curaj.net\/singera\" target=\"_blank\">www.curaj.net\/singera<\/a> | <a href=\"http:\/\/www.curaj.net\/arcasii\" target=\"_blank\">www.curaj.net\/arcasii<\/a> <\/span><span style=\"font-family: Verdana;\"> | <\/span><span style=\"font-family: Verdana;\"><a href=\"http:\/\/www.curaj.net\/antipact\" target=\"_blank\">www.curaj.net\/antipact<\/a><\/span><\/p>\n<p>&#8230;&#8230;&#8230;&#8230;&#8230;&#8230;&#8230;&#8230;&#8230;&#8230;&#8230;.<br \/>\n<strong>II. <span style=\"text-decoration: underline;\">RESURSE<\/span><\/strong><\/p>\n<p>Pentru desfasurarea acestor proiecte, avem nevoie de urmatoarele:<\/p>\n<p class=\"MsoNormal\"><strong>II.1 Resurse financiare<\/strong><\/p>\n<ul>\n<li>Pentru <strong>re-editarea brosurii <a href=\"http:\/\/www.curaj.net\/index.php?p=150\">\u201cHyde Park &#8211; de la microfonul liber la Curaj.Net<\/a>\u201d<\/strong><\/li>\n<\/ul>\n<p class=\"MsoNormal\">Volumul a fost editat in august 2005 (in 500 ex., gratie unui grant extern), dar stocul s-a epuizat foarte repede. Acum ne propunem sa-l distribuim preponderent in biblioteci, scoli, licee, universitati, cadrelor didactice, simpatizantilor HP, liceenilor si studentilor.<\/p>\n<p><em>Necesar &#8211;<\/em> <span style=\"text-decoration: underline;\"><em>cheltuieli editura &#8211; <\/em><em>250 euro<\/em> <em>\/ 500 exemplare<\/em><\/span><\/p>\n<ul>\n<li><strong>Pentru <\/strong><strong>achizitionarea de literatura, harti, calendare, filme si muzica in limba romana<\/strong><\/li>\n<\/ul>\n<p class=\"MsoNormal\">Aceste materiale vor fi pentru cei mai buni oratori care iau cuvantul in cadrul editiilor de Maraton Oratoric sau la intrunirile duminicale de pe Aleea Clasicilor.<\/p>\n<p><em>Necesar &#8211;<\/em> <em><span style=\"text-decoration: underline;\">donatii de carte, harti, filme, muzica<\/span> sau bani<\/em><\/p>\n<ul>\n<li><strong>P<\/strong><strong>romovare pentru pagina www.curaj.net<\/strong> pe alte situri si in ziare<\/li>\n<\/ul>\n<p><strong>II.2 Suport logistic<\/strong> pentru imbunatatirea activitatilor pe care le derulam :<\/p>\n<p>Accesorii calculator performant (hard disc, procesor); acces la Internet; scaner;<br \/>\nReportofon (pentru proiecte in care este nevoie sa inregistram discursurile);<br \/>\nAparat foto digital (pentru a stoca imagini de la actiunile HP si pentru a ilustra in timp real articolele de pe Curaj.net);<br \/>\nUn videoproiector.<\/p>\n<p><strong>II.3 Resurse umane<\/strong><\/p>\n<p>Consultanti juridici; specialisti IT si designeri; voluntari<\/p>\n<p>&#8230;&#8230;&#8230;&#8230;&#8230;&#8230;&#8230;&#8230;&#8230;&#8230;&#8230;&#8230;&#8230;&#8230;.<br \/>\n<strong>III. <span style=\"text-decoration: underline;\">FINAN\u0162\u0102RI pe proiecte<\/span><\/strong><\/p>\n<p><strong>C\u0103ut\u0103m finan\u0163atori care s\u0103 NU impun\u0103 cenzura<\/strong><\/p>\n<p>Asociatia Hyde Park cauta finantatori care sa NU impuna cenzura <a href=\"http:\/\/www.curaj.net\/?page_id=529\" target=\"_blank\">pentru editarea si difuzarea publicatiei Curaj pe teritoriul Rep.Moldova, la Iasi si la Bucuresti<\/a>.<\/p>\n<p>Putem oferi in schimb publicitate pe site-ul <a href=\"http:\/\/www.curaj.net\" target=\"_blank\">www.curaj.net<\/a> si in pagina organizatiei. Initiind proiectul \u201cCuraj.net\u201c, in toamna lui 2005, am incercat sa obtinem finantare de la Departamentul pentru Romanii de Pretutindeni din cadrul MAE, dar solicitarea noastra de finantare a fost respinsa fara nici o explicatie*.<\/p>\n<p><strong>Curaj <\/strong>este o publicatie perioadica de opinii si informatii despre evenimentele marcante din Romania si Rep.Moldova, realizata de Asociatia Hyde Park din resursele organizatiei. Suntem abia la inceput (<a href=\"http:\/\/www.curaj.net\/?page_id=529\" target=\"_blank\">am editat primele 21 de numere, accesibile si pe Internet in format .PDF<\/a>), dar constatam ca efortul financiar este prea mare pentru a aparea in fiecare saptamana. De aceea lansam acest apel catre romanii din intreaga lume pentru a obtine un suport care sa permita editarea saptamanala a acestei publicatiii.<\/p>\n<p><em>Necesar cheltuieli editura &#8211; <span style=\"text-decoration: underline;\">25 dolari\/numar &#8211; tiraj 500 exemplare<\/span><\/em>, 12 pagini, format A 4.<\/p>\n<p>Alte cheltuieli pentru redactare-editare-difuziare vor fi acoperite din resursele organizatiei.<\/p>\n<p>Suntem recunoscatori pentru orice contributie<\/p>\n<p>&#8230;&#8230;&#8230;&#8230;&#8230;&#8230;&#8230;&#8230;&#8230;&#8230;&#8230;&#8230;..<br \/>\nPuteti trimite banii prin Western Union sau MoneyGram pe numele lui Parascovia Topada, presedinte al Asocia\u0163iei Hyde Park<\/p>\n<blockquote><p>Tel.: (+373) 69350894, Chisinau<br \/>\nWeb: <a href=\"http:\/\/www.curaj.net\" target=\"_blank\">www.curaj.net<\/a> | <a href=\"http:\/\/www.curaj.net\/hp\" target=\"_blank\">curaj.net\/hp<\/a> |  ghenadie[at]brega.org<\/p><\/blockquote>\n<p>&#8230;&#8230;&#8230;&#8230;&#8230;&#8230;&#8230;&#8230;&#8230;&#8230;&#8230;&#8230;&#8230;&#8230;&#8230;&#8230;&#8230;&#8230;&#8230;&#8230;&#8230;&#8230;&#8230;&#8230;&#8230;&#8230;&#8230;&#8230;&#8230;&#8230;&#8230;&#8230;&#8230;&#8230;&#8230;&#8230;&#8230;&#8230;&#8230;<br \/>\n(*) De la DRRP n-am putut obtine informatii despre criteriile de eligibilitate pe care le impune acest departament si ce tipuri de proiecte sunt finantate. Veti observa ca nici in 2006 DRRP-ul romanesc nu are o pagina pe Internet, nu anunta nimic despre posibilitatile de finantare si nici nu intra in contact cu ong-urile basarabene active. In aceasta situatie, suntem nevoiti sa apelam la alti finantatori\u2026<\/p>\n<p>&#8230;&#8230;&#8230;&#8230;&#8230;&#8230;&#8230;&#8230;&#8230;&#8230;&#8230;&#8230;&#8230;<br \/>\nDESFASURATOR PROIECTE:<img loading=\"lazy\" src=\"http:\/\/www.curaj.net\/wp-content\/uploads\/2006\/11\/SOTRON1.png\" alt=\"\" width=\"287\" height=\"115\" align=\"right\" \/><\/p>\n<ul>\n<li><strong>\u00centruniri publice duminicale <\/strong>(Chi\u015fin\u0103u, Aleea Clasicilor din Gr\u0103dina Public\u0103 \u015etefan cel Mare)<\/li>\n<\/ul>\n<p class=\"MsoNormal\" style=\"text-align: justify\" align=\"left\">La aceste intruniri punem la dispozitia trecatorilor un \u015eOTRON, \u00eencadrat tricolor, in care vom scrie provincii din ROM\u00c2NIA care ii apartin si care nu ii mai apartin. Copiii care vor sari in el urmand sa evite BASARABIA si BUCOVINA, teritorii ce nu mai fac parte din ROM\u00c2NIA.<\/p>\n<p class=\"MsoNormal\" style=\"text-align: center;\">\n<p style=\"text-align: center;\"><a title=\"CETATENIE\" href=\"http:\/\/www.cetatenie.curaj.net\/\" target=\"_blank\">www.cetatenie.curaj.net<\/a> | <a title=\"CEDO\" href=\"http:\/\/www.cedo.curaj.net\/\" target=\"_blank\">cedo.curaj.net<\/a> | <a title=\"PROTEST\" href=\"http:\/\/www.protest.curaj.net\/\" target=\"_blank\">protest.curaj.net<\/a> | <a title=\"PRESA\" href=\"http:\/\/www.presa.curaj.net\/\" target=\"_blank\">presa.curaj.net<\/a> | <a title=\"VIDEO\" href=\"http:\/\/www.video.curaj.net\/\" target=\"_blank\">video.curaj.net<\/a><\/p>\n<p style=\"text-align: center;\">\u2026\u2026\u2026\u2026\u2026\u2026\u2026\u2026\u2026\u2026\u2026\u2026\u2026\u2026\u2026\u2026\u2026\u2026\u2026\u2026\u2026\u2026\u2026\u2026\u2026\u2026\u2026\u2026<\/p>\n","protected":false},"excerpt":{"rendered":"<p>&#8230;&#8230;&#8230;&#8230;&#8230;&#8230;&#8230;&#8230;&#8230;&#8230;&#8230;&#8230; I. PROIECTE in derulare: De la infiintarea organizatiei Hyde Park (in 2003), facem tot ce ne sta in puteri pentru a contribui la democratizarea societatii basarabene si ne dorim ca proiectele pe care le derulam sa poata avea o continuitate. Dintre proiectele noastre de succes, mentionam: Portalul www.curaj.net un site de liber\u0103 exprimare, accesibil [&hellip;]<\/p>\n","protected":false},"author":1,"featured_media":0,"parent":0,"menu_order":0,"comment_status":"open","ping_status":"open","template":"","meta":[],"_links":{"self":[{"href":"https:\/\/www.sergiubrega.com\/curajnet\/index.php?rest_route=\/wp\/v2\/pages\/361"}],"collection":[{"href":"https:\/\/www.sergiubrega.com\/curajnet\/index.php?rest_route=\/wp\/v2\/pages"}],"about":[{"href":"https:\/\/www.sergiubrega.com\/curajnet\/index.php?rest_route=\/wp\/v2\/types\/page"}],"author":[{"embeddable":true,"href":"https:\/\/www.sergiubrega.com\/curajnet\/index.php?rest_route=\/wp\/v2\/users\/1"}],"replies":[{"embeddable":true,"href":"https:\/\/www.sergiubrega.com\/curajnet\/index.php?rest_route=%2Fwp%2Fv2%2Fcomments&post=361"}],"version-history":[{"count":14,"href":"https:\/\/www.sergiubrega.com\/curajnet\/index.php?rest_route=\/wp\/v2\/pages\/361\/revisions"}],"predecessor-version":[{"id":8437,"href":"https:\/\/www.sergiubrega.com\/curajnet\/index.php?rest_route=\/wp\/v2\/pages\/361\/revisions\/8437"}],"wp:attachment":[{"href":"https:\/\/www.sergiubrega.com\/curajnet\/index.php?rest_route=%2Fwp%2Fv2%2Fmedia&parent=361"}],"curies":[{"name":"wp","href":"https:\/\/api.w.org\/{rel}","templated":true}]}}