{"id":3950,"date":"2008-06-12T02:27:42","date_gmt":"2008-06-11T23:27:42","guid":{"rendered":"http:\/\/www.curaj.net\/?page_id=3950"},"modified":"2009-01-24T22:31:29","modified_gmt":"2009-01-24T20:31:29","slug":"cetathenie","status":"publish","type":"page","link":"https:\/\/www.sergiubrega.com\/curajnet\/?page_id=3950","title":{"rendered":"pagina veche"},"content":{"rendered":"<p style=\"text-align: center;\">\n<p style=\"text-align: center;\"><strong>TOTUL despre cet\u0103\u0163enia rom\u00e2n\u0103<\/strong><\/p>\n<p style=\"text-align: center;\"><strong>Toate articolele<\/strong> care au aparut pe situl Curaj.Net <strong>despre cetatenia romana <\/strong>pentru basarabeni si bucovineni pot fi gasite accesand pagina <a href=\"http:\/\/www.cetatenie.curaj.net\" target=\"_blank\">www.cetatenie.curaj.net<\/a><\/p>\n<p class=\"MsoNormal\" style=\"text-align: center;\">&#8230;&#8230;&#8230;&#8230;&#8230;&#8230;&#8230;&#8230;&#8230;&#8230;&#8230;&#8230;&#8230;&#8230;&#8230;&#8230;&#8230;&#8230;&#8230;<\/p>\n<p class=\"MsoNormal\" style=\"text-align: left;\"><strong>I. &#8222;RECUNOA\u015eTEREA&#8221; \u015eI REABILITAREA<\/strong><strong> ETNICILOR ROM\u00c2NI <\/strong>din Basarabia si Nordul Bucovinei a devenit o procedura UMILITOARE prin:<strong><br \/>\n<\/strong><\/p>\n<p class=\"MsoNormal\" style=\"text-align: left;\"><strong>I.1 <span style=\"text-decoration: underline;\">DURATa<\/span><\/strong><\/p>\n<ul style=\"text-align: left;\">\n<li><strong>Desi au pierdut cetatenia romana impotriva vointei lor, basarabenii si<\/strong><strong> bucovinenii recapata acest drept in 8-9 ani<\/strong><em> (96-108 luni!)<\/em><\/li>\n<\/ul>\n<p class=\"MsoNormal\" style=\"text-align: left;\">Cetatenii altor state &#8211; american, german, israelian, suedez, sarb &#8211; obtin cetatenia romana (tot prin redobandire) <a href=\"http:\/\/www.curaj.net\/\/?p=1122\">in 1-1,5 ani<\/a> <em>(12-18 luni)<\/em> de la data solicitarii\u2026<\/p>\n<ul style=\"text-align: left;\">\n<li><strong>Din 1991 pana in 2006, doar 2,2 % dintre etnicii romani de peste Prut au reusit sa devina romani si in acte&#8230;<\/strong><a href=\"http:\/\/www.curaj.net\/wp-content\/uploads\/2006\/09\/47luni.gif\" target=\"_blank\"><img loading=\"lazy\" src=\"http:\/\/www.curaj.net\/wp-content\/uploads\/2006\/09\/47luni.gif\" border=\"0\" alt=\"\" width=\"197\" height=\"137\" align=\"right\" \/><\/a><\/li>\n<\/ul>\n<p class=\"MsoNormal\" style=\"text-align: left;\">Daca MJ va lucra in acelasi ritm ca in ultimii 4 ani, statul roman va avea nevoie de jumatate de mileniu (cca. 450 de ani!!) pentru a-i recunoaste in drepturi cetatenesti pe romanii basarabeni si pe cei bucovineni.<\/p>\n<p class=\"MsoNormal\" style=\"text-align: left;\">&#8212;&#8212;&#8212;&#8212;&#8212;&#8212;&#8212;&#8212;&#8212;&#8212;&#8212;&#8212;&#8211;<\/p>\n<p class=\"MsoNormal\" style=\"text-align: left;\"><strong>I.2 <\/strong><span style=\"text-decoration: underline;\"><strong>LIMITAREA DREPTURILOR<\/strong><br \/>\n<\/span><\/p>\n<ul style=\"text-align: left;\">\n<li><strong>Basarabenii si bucovinenii nu pot calatori in afara Romaniei timp de 4 ani(*) de la primirea actelor&#8230;<\/strong><\/li>\n<\/ul>\n<p class=\"MsoNormal\" style=\"text-align: left;\">in situatia asta sunt cei care si-au stabilita domiciliul pe teritoriul Romaniei si care au obtinute acte de identitate romanesti (pasaport si buletin de identitate).<\/p>\n<ul style=\"text-align: left;\">\n<li><strong>Chiar si cei care au obtinut deja acte romanesti sunt purtati pe drumuri<\/strong><\/li>\n<\/ul>\n<p class=\"MsoNormal\" style=\"text-align: left;\">La expirarea valabilitatii pasaportului sau a BI, MAI-ul din Romania le cere sa obtina un certificat de cetatenie \u201cde tip nou\u201d(**), ceea ce nu este decat o noua redobandire (o re-redobandire!!!) a cetateniei romane. Petentii trebuie sa faca mai multe drumuri la Bucuresti, sa stea la cozi, sa mai prezinte o data actele cu care au redobandit cetatenia (actele personale, actele de stare civila ale parintilor si bunicilor). Acest proces mai ia 4-5 luni de asteptare, timp, ceva gologani pentru drumuri \/ acte si destui nervi\u2026<\/p>\n<p class=\"MsoNormal\" style=\"text-align: left;\">&#8212;&#8212;&#8212;&#8212;&#8212;&#8212;&#8212;&#8212;&#8212;&#8212;&#8212;&#8212;&#8211;<\/p>\n<p class=\"MsoNormal\" style=\"text-align: left;\"><strong>I.3 <span style=\"text-decoration: underline;\">IMPERFECtIUNEA LEGISLAtIEI<\/span><\/strong><\/p>\n<ul style=\"text-align: left;\">\n<li><strong>Acum sunt invitati sa depuna dosarul cetatenii care au depus \/ trimis o cerere in acest sens acum 3,5 ani<em> (in august 2003)<\/em><\/strong><\/li>\n<\/ul>\n<p class=\"MsoNormal\" style=\"text-align: left;\">Petentii interesati sa depuna dosarul de redobandire a cetateniei romane vor expedia o cerere in plic recomandat in care veti pune si un plic nou pe care veti scrie adresa la care puteti fi contactati. Urmeaza alti 4-5 ani de asteptare&#8230;<\/p>\n<ul style=\"text-align: left;\">\n<li><strong>in 2007 se prelucreaza dosarele depuse de petenti in AUGUST 2002!<\/strong><\/li>\n<\/ul>\n<p class=\"MsoNormal\" style=\"text-align: left;\">La luna august se &#8222;lucreaza&#8221; de mai bine de 1,5 ani, deci vedeti in ce masura MJ este interesat sa deblocheze acest proces&#8230;<\/p>\n<p class=\"MsoNormal\" style=\"text-align: left;\">&#8212;&#8212;&#8212;&#8212;&#8212;&#8212;&#8212;&#8212;&#8212;&#8212;&#8212;&#8212;&#8211;<\/p>\n<p class=\"MsoNormal\" style=\"text-align: left;\"><strong>I.4 <span style=\"text-decoration: underline;\">INTERPRETARE\/APLICARE GRE\u00aaITa A LEGII<\/span><\/strong><\/p>\n<ul style=\"text-align: left;\">\n<li><strong>Multi tineri se plang ca le-a fost respins dosarul pe motiv ca nu au stat 4 ani consecutiv<\/strong><\/li>\n<\/ul>\n<p class=\"MsoNormal\" style=\"text-align: left;\">Desi legea nu face nici o specificare in acest sens! in plus, responsabilii de la MJ stiu foarte bine ca studiile universitare si cele de masterat in Romania dureaza intre 1 si 3 ani. Urmeaza cativa ani de frecus, apoi alti 4-5 ani de asteptare, necesari pentru solutionarea dosarelor&#8230;<\/p>\n<ul style=\"text-align: left;\">\n<li><strong>in unele situatii, nici cei care fac dovada ca au stat legal 4 ani pe teritoriul Romaniei nu pot depune dosarul la MJ<\/strong><\/li>\n<\/ul>\n<p class=\"MsoNormal\" style=\"text-align: left;\">Cei care pot face dovada ca au stat legal 4 ani pe teritoriul Romaniei dar carora le-a expirat permisul de sedere provizorie NU mai pot depune dosarul, chiar daca legea nu precizeaza nimic in acest sens. Urmeaza ani de asteptare dupa programare in R.Moldova, apoi alti 4-5 ani pentru solutionarea dosarelor&#8230;<\/p>\n<ul style=\"text-align: left;\">\n<li><strong>Pentru a lua in evidenta o simpla cerere de redobandire a cetateniei, MJ are nevoie de o perioada de 2-3 ani&#8230;<\/strong><\/li>\n<\/ul>\n<p class=\"MsoNormal\" style=\"text-align: left;\">Persoanele care au depus actele la Consulatul Romaniei la Chisinau in perioada 2002-2005 au aparut in Monitorul Oficial al Romaniei, <a href=\"http:\/\/cetatenie.info.tm\/mo3.html\" target=\"_blank\">partea a III-a<\/a> &#8230;ceea ce inseamna ca cererea le-a fost acceptata. Aceasta este prima etapa, dupa care urmeaza ca numele persoanelor aparute prima data in Monitorul Oficial sa fie publicate a doua oara in Monitorul Oficial, <a href=\"http:\/\/cetatenie.info.tm\/\" target=\"_blank\">partea I-a<\/a>, ceea ce va insemna ca vi s-a acordat cetatenia romana.<\/p>\n<p class=\"MsoNormal\" style=\"text-align: left;\">&#8212;&#8212;&#8212;&#8212;&#8212;&#8212;&#8212;&#8212;&#8212;&#8212;&#8212;&#8212;&#8211;<\/p>\n<p class=\"MsoNormal\" style=\"text-align: left;\"><strong>I.5 <span style=\"text-decoration: underline;\">DECLARAtII CONTRADICTORII<\/span><\/strong><\/p>\n<ul style=\"text-align: left;\">\n<li><strong>Autoritatile spun ca procesul de acordare a cetateniei pentru etnicii <\/strong><strong>romani de peste Prut NU este blocat&#8230;<\/strong><\/li>\n<\/ul>\n<p class=\"MsoNormal\" style=\"text-align: left;\"><img loading=\"lazy\" id=\"image1681\" src=\"http:\/\/www.curaj.net\/wp-content\/uploads\/2006\/12\/81715_pic.thumbnail.jpg\" alt=\"81715_pic.jpg\" width=\"108\" height=\"108\" align=\"right\" \/>in acest an s-au acordat mai putin de 850 de titluri de cetatenie, iar in ultimii 4 ani MJ a prelucrat in medie cate 750 de cereri \/ an, ramanand nesolutionate alte cateva zeci de mii : oficial &#8211; peste 30-35 de mii; neoficial &#8211; peste 100 de mii de dosare depuse din august 2002 pana in prezent!<\/p>\n<ul style=\"text-align: left;\">\n<li><strong>Desi procesul de &#8222;RECUNOA\u00aaTERE&#8221; si REABILITARE a romanilor-basarabeni dureaza <\/strong><strong><span style=\"color: #ff0000;\">mai mult de 8-9 ani <\/span><\/strong>(<em>4 ani ca sa ai dreptul sa depui dosarul si 4,5 ani ca sa-ti fie prelucrate actele<\/em>)<strong><span style=\"color: #ff0000;\"> <\/span><\/strong><\/li>\n<\/ul>\n<p class=\"MsoNormal\" style=\"text-align: left;\">Ministrul Mihai Razvan Ungureanu s-a scapat cu vorba&#8230; : &#8222;<em><span style=\"color: #000000;\">Cetatenia romana este un privelegiu, nu un drept<\/span>, iar cetatenii romani trebuie sa faca dovada concreta a afilierii la tot ce inseamna Romania<\/em>&#8221; [<a href=\"http:\/\/www.azi.md\/news?ID=41543\" target=\"_blank\">24.10.2006<\/a>].<\/p>\n<p class=\"MsoNormal\" style=\"text-align: left;\">&#8212;&#8212;&#8212;&#8212;&#8212;&#8212;&#8212;&#8212;&#8212;&#8212;&#8212;&#8212;&#8211;<\/p>\n<p class=\"MsoNormal\" style=\"text-align: left;\"><strong>I.6 <span style=\"text-decoration: underline;\">Alte aspecte<\/span><\/strong><\/p>\n<ul style=\"text-align: left;\">\n<li><strong>Cei care fac dovada ca au stat 4 ani legal pe teritoriul Romaniei pot depune dosarul la Bucuresti<\/strong><\/li>\n<\/ul>\n<p class=\"MsoNormal\" style=\"text-align: left;\">in ultimii ani multi liceeni si studenti nu si-au prelungit permisul tocmai deoarece la Serviciul pentru Straini (din cadrul MAI) au fost si mai sunt cozi interminabile, iar prelungirea permisului se facea o data la 6 luni si nu era o masura obligatorie. Acesti tineri mai au de asteptat alti 4-5 ani&#8230;<\/p>\n<ul style=\"text-align: left;\">\n<li><strong>Eroare la scrierea Numelui\/Prenumelui si a datelor de nastere<\/strong><\/li>\n<\/ul>\n<p class=\"MsoNormal\" style=\"text-align: left;\">Persoanele care au aparut in Monitorul Oficial al Romaniei, partea a III-a, trebuie sa verifice daca nu sunt greseli la nume \/ prenume \/ data de nastere. in cazul ca exista unele erori trebuie sa se adreseze celor de la M.Of. (adresa: sos. Panduri, nr. 1, bl. P 33, sector 5 Bucuresti) pentru a face rectificarile de rigoare.<\/p>\n<p style=\"text-align: left;\">in final, amintim ca din septembrie 2005, pentru a intra in Romania, basarabenii <a href=\"http:\/\/www.curaj.net\/\/?p=1271\" target=\"_blank\">au avut nevoie de &#8222;INVITAtII&#8221;<\/a> [vezi articolul <a href=\"http:\/\/www.curaj.net\/index.php?p=161\" target=\"_blank\">Interdictii la frontiera<\/a> romano-romana], iar de la 1 ianuarie vor avea nevoie si de VIZE&#8230;<\/p>\n<p style=\"text-align: left;\">&#8212;&#8212;&#8212;&#8212;&#8212;&#8212;&#8212;&#8212;&#8212;&#8212;&#8212;&#8212;&#8211;<\/p>\n<p style=\"text-align: left;\"><strong><a href=\"http:\/\/www.curaj.net\/?p=1939\" target=\"_blank\"><img loading=\"lazy\" src=\"http:\/\/www.curaj.net\/wp-content\/uploads\/2007\/01\/1940.jpg\" alt=\"\" width=\"221\" height=\"147\" align=\"right\" \/><\/a><\/strong><strong>APEL privind recunoasterea drepturilor cetatenesti basarabenilor care solicita redobandirea cetateniei romane<\/strong> <a href=\"http:\/\/www.curaj.net\/?p=1939\" target=\"_blank\">www.curaj.net\/?p=1939<\/a><\/p>\n<p style=\"text-align: left;\">Lista semnatarilor ramane deschisa pana pe data de 25 martie 2007 inclusiv!!<\/p>\n<p style=\"text-align: left;\"><strong>LISTE COMPLETE <\/strong>cu:<\/p>\n<blockquote style=\"text-align: left;\"><p><a href=\"http:\/\/cetatenie.info.tm\/\" target=\"_blank\">Persoane care au redobandit cetatenia<\/a> romana din 2000 pana in 2009 si au aparut in Monitorul Oficial, partea I-a (cca. 5 mii)<\/p><\/blockquote>\n<ul style=\"text-align: left;\">\n<li>Haos la <a href=\"http:\/\/www.curaj.net\/?p=1707\" target=\"_blank\">Ministerul Justitiei si la Consulatul Romaniei la Chisinau<\/a>!<\/li>\n<li><a href=\"http:\/\/www.curaj.net\/?p=1643\" target=\"_blank\">Un basarabean a actionat in judecata Ministerul Justitiei<\/a> din Romania si a castigat!<\/li>\n<li><a href=\"http:\/\/www.curaj.net\/?p=551\" target=\"_blank\">Romanii-basarabeni din Rep.Moldova sunt 80 %<\/a> (conform datelor ultimului recensamant)<\/li>\n<\/ul>\n<blockquote style=\"text-align: left;\"><p>Persoane care <a href=\"http:\/\/cetatenie.info.tm\/\">au aparut in M.Of., partea a III-a<\/a> &#8211; deci actele acestora au fost luate in evidenta de cei de la M.J. (peste 27 mii)<\/p><\/blockquote>\n<p style=\"text-align: left;\">&#8212;&#8212;&#8212;&#8212;&#8212;&#8212;&#8212;&#8212;&#8212;&#8212;&#8212;&#8212;&#8211;<\/p>\n<p class=\"MsoNormal\" style=\"text-align: left;\"><strong>III. DEMERSURILE ORGANIZAtIEI HYDE PARK \u00aaI ALE ALTOR ORGANIZAtII<\/strong> adresate autoritatilor pentru deblocarea si fluidizarea procesului de redobandire a cetateniei romane.<\/p>\n<p style=\"text-align: left;\"><strong>II.1 <\/strong><span style=\"text-decoration: underline;\"><strong>PROTESTE<\/strong><\/span><em><br \/>\n<\/em><\/p>\n<blockquote style=\"text-align: left;\"><p>[<a rel=\"nofollow\" href=\"http:\/\/curajnet.blogspot.com\/2006\/11\/protest-la-preedinie-romnii-basarabeni.html\" target=\"_blank\">25.11.2006<\/a>] Miting de protest <span style=\"text-decoration: underline;\">la Presedintie<\/span>. Romanii-basarabeni si cei bucovineni isi cer drepturile | <em>Bucuresti<\/em><\/p><\/blockquote>\n<blockquote style=\"text-align: left;\"><p>[<a rel=\"nofollow\" href=\"http:\/\/curajnet.blogspot.com\/2006\/10\/protest-n-faa-guvernului-romniei-27.html\" target=\"_blank\">27.10.2006<\/a>] Miting de protest <span style=\"text-decoration: underline;\">la Guvernul Romaniei<\/span> | <em>Bucuresti<\/em><\/p><\/blockquote>\n<blockquote style=\"text-align: left;\"><p>[<a rel=\"nofollow\" href=\"http:\/\/curajnet.blogspot.com\/2006\/06\/protest-la-palatul-parlamentului.html\" target=\"_blank\">14.06.2006<\/a>] Miting de protest <span style=\"text-decoration: underline;\">la Palatul Parlamentului<\/span> | <em>Bucuresti <\/em><\/p><\/blockquote>\n<blockquote style=\"text-align: left;\"><p>[<a rel=\"nofollow\" href=\"http:\/\/curajnet.blogspot.com\/2006\/11\/aniversarea-17-ani-de-la-cderea_09.html\" target=\"_blank\">09.11.2006<\/a>] Miting de protest <span style=\"text-decoration: underline;\">la Ministerul Afacerilor Externe<\/span>. Aniversarea a 17 ani de la caderea zidului Berlinului | <em>Bucuresti <\/em><\/p><\/blockquote>\n<p style=\"text-align: left;\">\u2014\u2014\u2014\u2014\u2014\u2014\u2014\u2014\u2014\u2014\u2014\u2014\u2013<\/p>\n<p style=\"text-align: left;\"><strong>II.2 <span style=\"text-decoration: underline;\">PETI\u0162II<\/span><\/strong><\/p>\n<p><strong><a href=\"http:\/\/www.curaj.net\/?page_id=1401\" target=\"_blank\">PETI\u0162II, MEMORII<\/a><\/strong> si demersuri Hyde Park<\/p>\n<ul>\n<li><span lang=\"IT\">Romanii din Basarabia si Bucovina de Nord au pierdut cetatenia romana <\/span><a href=\"http:\/\/www.curaj.net\/\/?p=865\" target=\"_blank\"><span lang=\"IT\">cand au devenit cetateni sovietici<\/span><\/a><span lang=\"IT\"> (in 1941 ***), considera demnitarii din Ministerul Justitiei<\/span><\/li>\n<li><strong>MEMORIU<\/strong> privind deblocarea si fluidizarea procesului de redobandire a cetateniei romane pentru basarabeni si bucovineni [<a rel=\"nofollow\" href=\"http:\/\/www.curaj.net\/\/?p=777\" target=\"_blank\">14.06.2006<\/a>]<\/li>\n<li>Raspunsul primit de la Ministrul Justitiei [<a rel=\"nofollow\" href=\"http:\/\/www.curaj.net\/\/?p=910\" target=\"_blank\">27.07.2006<\/a>]<\/li>\n<li><strong>SCRISOARE DESCHISa<\/strong> adresata autoritatilor romane si raspunsurile primite [<a rel=\"nofollow\" href=\"http:\/\/www.curaj.net\/wp-content\/uploads\/2006\/06\/Scrisoare-deschisa%2027%20febr%20-%2027%20martie%202006%20si%20raspunsul%20primit.doc\" target=\"_blank\">27.03.2006<\/a>]<\/li>\n<li>Declaratiile demnitarilor vis a vis de problematica redobandirii cetateniei romane [<a rel=\"nofollow\" href=\"http:\/\/www.curaj.net\/wp-content\/uploads\/2006\/06\/EXPLICATIE-autoritati-romane-22-02-20061.doc\" target=\"_blank\">25.02.2006<\/a>]<\/li>\n<li><strong>Hyde Park cere adoptarea legii lustratiei <\/strong>si deconspirarea arhivelor KGB in Rep.Moldova [<a href=\"http:\/\/www.curaj.net\/?p=1179\" target=\"_blank\">29.09.2006<\/a>]<\/li>\n<\/ul>\n<p class=\"MsoNormal\" style=\"text-align: left;\">Veniti cu propuneri si texte care credeti ca merita sa apara in aceasta pagina!<\/p>\n<p class=\"MsoNormal\" style=\"text-align: left;\">&#8212;&#8212;&#8212;&#8212;&#8212;&#8212;&#8212;&#8212;&#8212;&#8212;&#8212;&#8212;&#8211;<\/p>\n<p class=\"MsoNormal\" style=\"text-align: left;\">Pentru informatii suplimentare<\/p>\n<blockquote style=\"text-align: left;\"><p>Ghenadie Brega: (+40) 745 435 321 Romania | Rep.Moldova (+373) 69801212<\/p><\/blockquote>\n<blockquote style=\"text-align: left;\"><p>Yahoo messenger ID: <span style=\"text-decoration: underline;\">curajnet<\/span> sau e-mail: <a href=\"mailto:ghenadie@brega.org\">ghenadie @ brega.org<\/a><\/p><\/blockquote>\n<p style=\"text-align: left;\">Informatiile prezentate pe acest site au caracter informativ. Este recomandata consultarea unui avocat care sa va ofere suportul juridic, tinand cont de particularitatile problemei dumneavoastra.<\/p>\n<blockquote style=\"text-align: left;\">\n<p class=\"MsoNormal\"><a href=\"http:\/\/www.avocatdeleanu.ro\/\" target=\"_blank\">www.avocatdeleanu.ro<\/a><\/p>\n<\/blockquote>\n<p class=\"MsoNormal\" style=\"text-align: left;\">&#8230;&#8230;&#8230;&#8230;&#8230;&#8230;&#8230;&#8230;&#8230;&#8230;&#8230;&#8230;&#8230;&#8230;&#8230;&#8230;&#8230;..<\/p>\n<p class=\"MsoNormal\" style=\"text-align: left;\">Alte informatii:<\/p>\n<ul style=\"text-align: left;\">\n<li><span style=\"text-decoration: underline;\">Lista localitatilor basarabene si bucovinene<\/span> care au facut parte din teritoriul Romaniei pana la 1940<\/li>\n<li><a href=\"http:\/\/www.evidentapersoanelor.ro\/index.php?pag=carte_de_identitate\" target=\"_blank\">ACTE de IDENTITATE<\/a> intocmite si eliberate de catre Inspectoratul National pentru Evidenta Persoanelor [pentru cei care au redobandit cetatenia romana cu stabilirea domiciliului in Romania]<\/li>\n<li><a href=\"http:\/\/www.curaj.net\/forum\/viewtopic.php?t=119&amp;postdays=0&amp;postorder=asc&amp;start=0\" target=\"_blank\">ACTE pentru diverse necesitati<\/a><\/li>\n<\/ul>\n<p class=\"MsoNormal\" style=\"text-align: left;\">&#8230;&#8230;&#8230;&#8230;&#8230;&#8230;&#8230;&#8230;&#8230;<\/p>\n<p class=\"MsoNormal\" style=\"text-align: left;\">* Art. 37 indice 1 din Legea 21\/1991 privind cetatenia romana: &#8222;Persoanele prevazute la art.10\u00b9 care au redobandit cetatenia romana cu stabilirea domiciliului in Romania sau care si-au stabilit ulterior domiciliul in Romania <span style=\"text-decoration: underline;\">nu vor putea exercita dreptul la libera circulatie in baza pasaportului <\/span>emis de autoritatile romane pentru a calatori in alte state decat statul de origine timp de 4 ani de la data stabilirii, respectiv a schimbarii domiciliului&#8221;<\/p>\n<p class=\"MsoNormal\" style=\"text-align: left;\">(<strong><em>in toamna anului 2007 acest articol a fost abrogat<\/em><\/strong>, totusi in Parlamentul Romaniei s-a votat impotriva noului proiect de lege, deci <span style=\"text-decoration: underline;\">nu stiu daca mai este sau nu valabila aceasta interdictie<\/span>)<\/p>\n<p class=\"MsoNormal\" style=\"text-align: left;\">** Memoriu adresat <a href=\"http:\/\/www.curaj.net\/\/?p=1022\" target=\"_blank\">sefului Serviciului Clarificari Probleme de Cetatenie<\/a> din cadrul Directiei Generale de Pasapoarte, M.A.I.<\/p>\n<ul style=\"text-align: left;\">\n<li><span lang=\"IT\">in periada 1991-2008, <\/span><a href=\"http:\/\/www.curaj.net\/\/?p=407\" target=\"_blank\"><span style=\"text-decoration: none; color: #000000;\"><span style=\"text-decoration: underline;\">doar 2% dintre romanii din Basarabia si Bucovina de Nord <\/span><\/span><\/a><a href=\"http:\/\/www.curaj.net\/\/?p=407\" target=\"_blank\"><span style=\"text-decoration: none; color: #000000;\"><span style=\"text-decoration: underline;\">au redobandit cetatenia romana<\/span><\/span><\/a><\/li>\n<\/ul>\n<p style=\"text-align: left;\">*** Extras din Decretul &#8211; Lege \u201c<span style=\"text-decoration: underline;\">Cu privire la restabilirea in cetatenia URSS a locuitorilor din Basarabia<\/span>\u201d din 8 martie 1941: \u201cToate persoanele care pana la data de 7 noiembrie 1917 s-au aflat in supusenia fostului Imperiu Rus si care pana la data de 28 iunie 1940 au locuit pe teritoriul Basarabiei (la fel copiii lor), indiferent de faptul daca pana la data de 28 iunie 1940 s-au aflat sau nu in supusenia Statului Roman, sunt repusi in drepturi de cetatenie sovietica, incepand de la data de 28 iunie 1940&#8243;<\/p>\n","protected":false},"excerpt":{"rendered":"<p>TOTUL despre cet\u0103\u0163enia rom\u00e2n\u0103 Toate articolele care au aparut pe situl Curaj.Net despre cetatenia romana pentru basarabeni si bucovineni pot fi gasite accesand pagina www.cetatenie.curaj.net &#8230;&#8230;&#8230;&#8230;&#8230;&#8230;&#8230;&#8230;&#8230;&#8230;&#8230;&#8230;&#8230;&#8230;&#8230;&#8230;&#8230;&#8230;&#8230; I. &#8222;RECUNOA\u015eTEREA&#8221; \u015eI REABILITAREA ETNICILOR ROM\u00c2NI din Basarabia si Nordul Bucovinei a devenit o procedura UMILITOARE prin: I.1 DURATa Desi au pierdut cetatenia romana impotriva vointei lor, basarabenii si [&hellip;]<\/p>\n","protected":false},"author":1,"featured_media":0,"parent":509,"menu_order":0,"comment_status":"open","ping_status":"closed","template":"","meta":[],"_links":{"self":[{"href":"https:\/\/www.sergiubrega.com\/curajnet\/index.php?rest_route=\/wp\/v2\/pages\/3950"}],"collection":[{"href":"https:\/\/www.sergiubrega.com\/curajnet\/index.php?rest_route=\/wp\/v2\/pages"}],"about":[{"href":"https:\/\/www.sergiubrega.com\/curajnet\/index.php?rest_route=\/wp\/v2\/types\/page"}],"author":[{"embeddable":true,"href":"https:\/\/www.sergiubrega.com\/curajnet\/index.php?rest_route=\/wp\/v2\/users\/1"}],"replies":[{"embeddable":true,"href":"https:\/\/www.sergiubrega.com\/curajnet\/index.php?rest_route=%2Fwp%2Fv2%2Fcomments&post=3950"}],"version-history":[{"count":42,"href":"https:\/\/www.sergiubrega.com\/curajnet\/index.php?rest_route=\/wp\/v2\/pages\/3950\/revisions"}],"predecessor-version":[{"id":4446,"href":"https:\/\/www.sergiubrega.com\/curajnet\/index.php?rest_route=\/wp\/v2\/pages\/3950\/revisions\/4446"}],"up":[{"embeddable":true,"href":"https:\/\/www.sergiubrega.com\/curajnet\/index.php?rest_route=\/wp\/v2\/pages\/509"}],"wp:attachment":[{"href":"https:\/\/www.sergiubrega.com\/curajnet\/index.php?rest_route=%2Fwp%2Fv2%2Fmedia&parent=3950"}],"curies":[{"name":"wp","href":"https:\/\/api.w.org\/{rel}","templated":true}]}}