{"id":4953,"date":"2008-09-29T01:20:58","date_gmt":"2008-09-28T22:20:58","guid":{"rendered":"http:\/\/www.curaj.net\/?page_id=4953"},"modified":"2009-02-12T18:47:39","modified_gmt":"2009-02-12T16:47:39","slug":"hyde-park-isti-tacuti","status":"publish","type":"page","link":"https:\/\/www.sergiubrega.com\/curajnet\/?page_id=4953","title":{"rendered":"Curaj Postum"},"content":{"rendered":"<p><strong>Aici avem o pagin\u0103 cu hyde park-i\u015fti care nu mai sunt printre noi.<\/strong><\/p>\n<p><strong>Ion Smoleanchin (sau Ion de la Durle\u015fti) :<\/strong><br \/>\n1 iunie 2003, prima or\u0103 de emisie, minutul 33,20 &#8211; Ultimul discurs al lui Ion \u00een cadrul emisiunii radiofonice Hyde Park. Peste dou\u0103 s\u0103pt\u0103m\u00eeni programul a fost suprimat de administra\u0163ia postului \u00een urma presiunilor autorit\u0103\u0163ilor.<br \/>\n<object classid=\"clsid:d27cdb6e-ae6d-11cf-96b8-444553540000\" width=\"448\" height=\"41\" codebase=\"http:\/\/download.macromedia.com\/pub\/shockwave\/cabs\/flash\/swflash.cab#version=6,0,40,0\"><param name=\"wmode\" value=\"transparent\" \/><param name=\"src\" value=\"http:\/\/audio.neogen.ro\/flash_player\/flash\/mp3player.swf?id=98841&amp;idcluster=1&amp;audioUrl=http:\/\/audio.neogen.ro\/user\/o.brega\/xkqzyirpysux32iq9opq5k3fccpw1y4y\/&amp;embed=1&amp;path=http:\/\/audio.neogen.ro\/\" \/><embed type=\"application\/x-shockwave-flash\" width=\"448\" height=\"41\" src=\"http:\/\/audio.neogen.ro\/flash_player\/flash\/mp3player.swf?id=98841&amp;idcluster=1&amp;audioUrl=http:\/\/audio.neogen.ro\/user\/o.brega\/xkqzyirpysux32iq9opq5k3fccpw1y4y\/&amp;embed=1&amp;path=http:\/\/audio.neogen.ro\/\" wmode=\"transparent\"><\/embed><\/object><\/p>\n<p>24 mai 2003, penultima or\u0103, minutul 23,43<br \/>\n<object classid=\"clsid:d27cdb6e-ae6d-11cf-96b8-444553540000\" width=\"448\" height=\"41\" codebase=\"http:\/\/download.macromedia.com\/pub\/shockwave\/cabs\/flash\/swflash.cab#version=6,0,40,0\"><param name=\"wmode\" value=\"transparent\" \/><param name=\"src\" value=\"http:\/\/audio.neogen.ro\/flash_player\/flash\/mp3player.swf?id=98849&amp;idcluster=1&amp;audioUrl=http:\/\/audio.neogen.ro\/user\/o.brega\/5ud9fp9jtj1yraw13twqv97wbei4t4ez\/&amp;embed=1&amp;path=http:\/\/audio.neogen.ro\/\" \/><embed type=\"application\/x-shockwave-flash\" width=\"448\" height=\"41\" src=\"http:\/\/audio.neogen.ro\/flash_player\/flash\/mp3player.swf?id=98849&amp;idcluster=1&amp;audioUrl=http:\/\/audio.neogen.ro\/user\/o.brega\/5ud9fp9jtj1yraw13twqv97wbei4t4ez\/&amp;embed=1&amp;path=http:\/\/audio.neogen.ro\/\" wmode=\"transparent\"><\/embed><\/object><\/p>\n<p>27 aprilie 2003, ora a II-a, minutul 9,44<br \/>\n<object classid=\"clsid:d27cdb6e-ae6d-11cf-96b8-444553540000\" width=\"448\" height=\"41\" codebase=\"http:\/\/download.macromedia.com\/pub\/shockwave\/cabs\/flash\/swflash.cab#version=6,0,40,0\"><param name=\"wmode\" value=\"transparent\" \/><param name=\"src\" value=\"http:\/\/audio.neogen.ro\/flash_player\/flash\/mp3player.swf?id=98850&amp;idcluster=1&amp;audioUrl=http:\/\/audio.neogen.ro\/user\/o.brega\/h7gzbl9gc51v3gdahpo6t8qbb5klz9qg\/&amp;embed=1&amp;path=http:\/\/audio.neogen.ro\/\" \/><embed type=\"application\/x-shockwave-flash\" width=\"448\" height=\"41\" src=\"http:\/\/audio.neogen.ro\/flash_player\/flash\/mp3player.swf?id=98850&amp;idcluster=1&amp;audioUrl=http:\/\/audio.neogen.ro\/user\/o.brega\/h7gzbl9gc51v3gdahpo6t8qbb5klz9qg\/&amp;embed=1&amp;path=http:\/\/audio.neogen.ro\/\" wmode=\"transparent\"><\/embed><\/object><br \/>\n<script src=\"http:\/\/www.trilulilu.ro\/embed-audio\/curajnet\/2ec1e8f19e4931\" type=\"text\/javascript\"><\/script><script type=\"text\/javascript\"><!--\nshow_2ec1e8f19e4931(448, 46);\n\/\/ --><\/script><\/p>\n<p><strong>25 mai 2002, ora a VI-a<\/strong><br \/>\n<script src=\"http:\/\/www.trilulilu.ro\/embed-audio\/curajnet\/91cb689f0cc918\" type=\"text\/javascript\"><\/script><script type=\"text\/javascript\"><!--\nshow_91cb689f0cc918(448, 46);\n\/\/ --><\/script><\/p>\n<p><strong>25 mai 2002, ora a V-a<\/strong><br \/>\n<script src=\"http:\/\/www.trilulilu.ro\/embed-audio\/curajnet\/b5850403c0dab9\" type=\"text\/javascript\"><\/script><script type=\"text\/javascript\"><!--\nshow_b5850403c0dab9(448, 46);\n\/\/ --><\/script><\/p>\n<p><strong>25 mai 2002, ora a IV-a<\/strong><br \/>\n<script src=\"http:\/\/www.trilulilu.ro\/embed-audio\/curajnet\/7fb6a7556c59a7\" type=\"text\/javascript\"><\/script><script type=\"text\/javascript\"><!--\nshow_7fb6a7556c59a7(448, 46);\n\/\/ --><\/script><\/p>\n<p><strong>25 mai 2002, ora a III-a<\/strong><br \/>\n<script src=\"http:\/\/www.trilulilu.ro\/embed-audio\/curajnet\/aefda441029dc6\" type=\"text\/javascript\"><\/script><script type=\"text\/javascript\"><!--\nshow_aefda441029dc6(448, 46);\n\/\/ --><\/script><\/p>\n<p><strong>25 mai 2002, ora a II-a<\/strong><\/p>\n<p><script type=\"text\/javascript\" language=\"javascript\" src=\"http:\/\/www.trilulilu.ro\/embed-audio\/curajnet\/df9ba0ba74b748\"><\/script><script type=\"text\/javascript\" language=\"javascript\">show_df9ba0ba74b748(448, 46);<\/script> <\/p>\n<p><strong>25 mai 2002, prima ora<\/strong> <br \/>\n<script type=\"text\/javascript\" language=\"javascript\" src=\"http:\/\/www.trilulilu.ro\/embed-audio\/curajnet\/0399c1fe561e44\"><\/script><script type=\"text\/javascript\" language=\"javascript\">show_0399c1fe561e44(448, 46);<\/script> <\/p>\n<p><strong>26 aprilie 2002, ora a VI-a, minutul 16,56<\/strong> <br \/>\n<script type=\"text\/javascript\" language=\"javascript\" src=\"http:\/\/www.trilulilu.ro\/embed-audio\/curajnet\/7804aeb4e49650\"><\/script><script type=\"text\/javascript\" language=\"javascript\">show_7804aeb4e49650(448, 46);<\/script> <\/p>\n<p><strong>26 aprilie 2002, ora a V-a, minutul 21,42<\/strong> <br \/>\n<script type=\"text\/javascript\" language=\"javascript\" src=\"http:\/\/www.trilulilu.ro\/embed-audio\/curajnet\/d305a3b811d370\"><\/script><script type=\"text\/javascript\" language=\"javascript\">show_d305a3b811d370(448, 46);<\/script> <\/p>\n<p><strong>26 aprilie 2002, ora a III-a, minutul 7,08<\/strong> <br \/>\n<script type=\"text\/javascript\" language=\"javascript\" src=\"http:\/\/www.trilulilu.ro\/embed-audio\/curajnet\/3db0417639260f\"><\/script><script type=\"text\/javascript\" language=\"javascript\">show_3db0417639260f(448, 46);<\/script> <\/p>\n<p><strong>26 aprilie 2002, ora a II-a, minutul 20,53<\/strong> <br \/>\n<script type=\"text\/javascript\" language=\"javascript\" src=\"http:\/\/www.trilulilu.ro\/embed-audio\/curajnet\/2adee835e6fa7b\"><\/script><script type=\"text\/javascript\" language=\"javascript\">show_2adee835e6fa7b(448, 46);<\/script> <\/p>\n<p><strong>26 aprilie 2002, prima ora, minutul 41<\/strong> <br \/>\n<script type=\"text\/javascript\" language=\"javascript\" src=\"http:\/\/www.trilulilu.ro\/embed-audio\/curajnet\/3a8432c512365e\"><\/script><script type=\"text\/javascript\" language=\"javascript\">show_3a8432c512365e(448, 46);<\/script> <\/p>\n<p><strong>22 aprilie 2002, ora a III-a, minutul 9,29<\/strong> <br \/>\n<script type=\"text\/javascript\" language=\"javascript\" src=\"http:\/\/www.trilulilu.ro\/embed-audio\/curajnet\/3863703be4637d\"><\/script><script type=\"text\/javascript\" language=\"javascript\">show_3863703be4637d(448, 46);<\/script> <\/p>\n<p><strong>22 aprilie 2002, ora a II-a, minutul 7,47<\/strong> <br \/>\n<script type=\"text\/javascript\" language=\"javascript\" src=\"http:\/\/www.trilulilu.ro\/embed-audio\/curajnet\/7184fa634c7f97\"><\/script><script type=\"text\/javascript\" language=\"javascript\">show_7184fa634c7f97(448, 46);<\/script> <\/p>\n<p><strong>22 aprilie 2002, prima ora, minutul 44,48<\/strong> <br \/>\n<script type=\"text\/javascript\" language=\"javascript\" src=\"http:\/\/www.trilulilu.ro\/embed-audio\/curajnet\/fa2ccb53a5c37b\"><\/script><script type=\"text\/javascript\" language=\"javascript\">show_fa2ccb53a5c37b(448, 46);<\/script> <\/p>\n<p><strong>19 aprilie 2002, prima ora, minutul 32,36<\/strong> <br \/>\n<script type=\"text\/javascript\" language=\"javascript\" src=\"http:\/\/www.trilulilu.ro\/embed-audio\/curajnet\/f99dbc58c9104a\"><\/script><script type=\"text\/javascript\" language=\"javascript\">show_f99dbc58c9104a(448, 46);<\/script> <\/p>\n<p><strong>15 aprilie 2002, ora a V-a, minutul 25,19<\/strong> <br \/>\n<script type=\"text\/javascript\" language=\"javascript\" src=\"http:\/\/www.trilulilu.ro\/embed-audio\/curajnet\/08daf7e9dc75d0\"><\/script><script type=\"text\/javascript\" language=\"javascript\">show_08daf7e9dc75d0(448, 46);<\/script> <\/p>\n<p><strong>15 aprilie 2002, ora a IV-a, minutul 10<\/strong> <br \/>\n<script type=\"text\/javascript\" language=\"javascript\" src=\"http:\/\/www.trilulilu.ro\/embed-audio\/curajnet\/7ae10f876170e5\"><\/script><script type=\"text\/javascript\" language=\"javascript\">show_7ae10f876170e5(448, 46);<\/script> <\/p>\n<p><strong>15 aprilie 2002, ora a III-a, minutul 14,05<\/strong> <br \/>\n<script type=\"text\/javascript\" language=\"javascript\" src=\"http:\/\/www.trilulilu.ro\/embed-audio\/curajnet\/0794ed1aa81ec0\"><\/script><script type=\"text\/javascript\" language=\"javascript\">show_0794ed1aa81ec0(448, 46);<\/script> <\/p>\n<p><strong>15 aprilie 2002, ora a II-a, minutul 35,44<\/strong> <br \/>\n<script type=\"text\/javascript\" language=\"javascript\" src=\"http:\/\/www.trilulilu.ro\/embed-audio\/curajnet\/64632682df7ff0\"><\/script><script type=\"text\/javascript\" language=\"javascript\">show_64632682df7ff0(448, 46);<\/script> <\/p>\n<p><strong>13 aprilie 2002, ora a VI-a, minutul 16,38<\/strong> <br \/>\n<script type=\"text\/javascript\" language=\"javascript\" src=\"http:\/\/www.trilulilu.ro\/embed-audio\/curajnet\/dd08c487f5c140\"><\/script><script type=\"text\/javascript\" language=\"javascript\">show_dd08c487f5c140(448, 46);<\/script> <\/p>\n<p><strong>13 aprilie 2002, ora a V-a, minutul 13,10<\/strong> <br \/>\n<script type=\"text\/javascript\" language=\"javascript\" src=\"http:\/\/www.trilulilu.ro\/embed-audio\/curajnet\/842ecd6bd4281e\"><\/script><script type=\"text\/javascript\" language=\"javascript\">show_842ecd6bd4281e(448, 46);<\/script> <\/p>\n<p><strong>13 aprilie 2002, ora a IV-a, minutul 8,00<\/strong> <br \/>\n<script type=\"text\/javascript\" language=\"javascript\" src=\"http:\/\/www.trilulilu.ro\/embed-audio\/curajnet\/ba1f859728a354\"><\/script><script type=\"text\/javascript\" language=\"javascript\">show_ba1f859728a354(448, 46);<\/script> <\/p>\n<p><strong>13 aprilie 2002, ora a II-a, minutul 36,38<\/strong> <br \/>\n<script type=\"text\/javascript\" language=\"javascript\" src=\"http:\/\/www.trilulilu.ro\/embed-audio\/curajnet\/17cdb37f1bd6a5\"><\/script><script type=\"text\/javascript\" language=\"javascript\">show_17cdb37f1bd6a5(448, 46);<\/script> <\/p>\n<p><strong>12 aprilie 2002, ora a V-a, minutul 6,23<\/strong> <br \/>\n<script type=\"text\/javascript\" language=\"javascript\" src=\"http:\/\/www.trilulilu.ro\/embed-audio\/curajnet\/4734b866d5b6ef\"><\/script><script type=\"text\/javascript\" language=\"javascript\">show_4734b866d5b6ef(448, 46);<\/script> <\/p>\n<p><strong>12 aprilie 2002, ora a IV-a, minutul 13,03<\/strong> <br \/>\n<script type=\"text\/javascript\" language=\"javascript\" src=\"http:\/\/www.trilulilu.ro\/embed-audio\/curajnet\/d233925e8c37e0\"><\/script><script type=\"text\/javascript\" language=\"javascript\">show_d233925e8c37e0(448, 46);<\/script> <\/p>\n<p><strong>12 aprilie 2002, ora a III-a, minutul 34,42<\/strong> <br \/>\n<script type=\"text\/javascript\" language=\"javascript\" src=\"http:\/\/www.trilulilu.ro\/embed-audio\/curajnet\/4edcfcedb20a75\"><\/script><script type=\"text\/javascript\" language=\"javascript\">show_4edcfcedb20a75(448, 46);<\/script> <\/p>\n<p><strong>12 aprilie 2002, ora a II-a, minutul 49,02<\/strong> <br \/>\n<script type=\"text\/javascript\" language=\"javascript\" src=\"http:\/\/www.trilulilu.ro\/embed-audio\/curajnet\/de57dd7814aac8\"><\/script><script type=\"text\/javascript\" language=\"javascript\">show_de57dd7814aac8(448, 46);<\/script> <\/p>\n<p><strong>12 aprilie 2002, prima ora, minutul 30,47<\/strong> <br \/>\n<script type=\"text\/javascript\" language=\"javascript\" src=\"http:\/\/www.trilulilu.ro\/embed-audio\/curajnet\/4ed18bf8e615fd\"><\/script><script type=\"text\/javascript\" language=\"javascript\">show_4ed18bf8e615fd(448, 46);<\/script> <\/p>\n<p><strong>8 aprilie 2002, ora a IV-a, minutul 6,59<\/strong> <br \/>\n<script type=\"text\/javascript\" language=\"javascript\" src=\"http:\/\/www.trilulilu.ro\/embed-audio\/curajnet\/4471add36e7254\"><\/script><script type=\"text\/javascript\" language=\"javascript\">show_4471add36e7254(448, 46);<\/script> <\/p>\n<p><strong>6 aprilie 2002, ora a V-a, minutul 21, 49<\/strong> <br \/>\n<script type=\"text\/javascript\" language=\"javascript\" src=\"http:\/\/www.trilulilu.ro\/embed-audio\/curajnet\/0391993db4ccde\"><\/script><script type=\"text\/javascript\" language=\"javascript\">show_0391993db4ccde(448, 46);<\/script> <\/p>\n<p><strong>6 aprilie 2002, ora a IV-a, min. 22,15; 42,15<\/strong> <br \/>\n<script type=\"text\/javascript\" language=\"javascript\" src=\"http:\/\/www.trilulilu.ro\/embed-audio\/curajnet\/d8891c3722262e\"><\/script><script type=\"text\/javascript\" language=\"javascript\">show_d8891c3722262e(448, 46);<\/script> <\/p>\n<p><strong>6 aprilie 2002, ora a III-a, minutul 42,02<\/strong> <br \/>\n<script type=\"text\/javascript\" language=\"javascript\" src=\"http:\/\/www.trilulilu.ro\/embed-audio\/curajnet\/e9f6f8e2b9c2c3\"><\/script><script type=\"text\/javascript\" language=\"javascript\">show_e9f6f8e2b9c2c3(448, 46);<\/script> <\/p>\n<p><strong>6 aprilie 2002, ora a II-a<\/strong> <br \/>\n<script type=\"text\/javascript\" language=\"javascript\" src=\"http:\/\/www.trilulilu.ro\/embed-audio\/curajnet\/43cc9ecc46e92a\"><\/script><script type=\"text\/javascript\" language=\"javascript\">show_43cc9ecc46e92a(448, 46);<\/script> <\/p>\n<p><strong>6 aprilie 2002, prima ora, min. 22,04; 44,57; 51,25<\/strong> <br \/>\n<script type=\"text\/javascript\" language=\"javascript\" src=\"http:\/\/www.trilulilu.ro\/embed-audio\/curajnet\/38ff766577ad00\"><\/script><script type=\"text\/javascript\" language=\"javascript\">show_38ff766577ad00(448, 46);<\/script> <\/p>\n<p><strong>5 aprilie 2002, ora a IV-a, minutul 6,12<\/strong> <br \/>\n<script type=\"text\/javascript\" language=\"javascript\" src=\"http:\/\/www.trilulilu.ro\/embed-audio\/curajnet\/6b2baeffb3cb1a\"><\/script><script type=\"text\/javascript\" language=\"javascript\">show_6b2baeffb3cb1a(448, 46);<\/script> <\/p>\n<p><strong>5 aprilie 2002, ora a III-a<\/strong> <br \/>\n<script type=\"text\/javascript\" language=\"javascript\" src=\"http:\/\/www.trilulilu.ro\/embed-audio\/curajnet\/0bd34d92e03820\"><\/script><script type=\"text\/javascript\" language=\"javascript\">show_0bd34d92e03820(448, 46);<\/script> <\/p>\n<p><strong>1 aprilie 2002, ora a VI-a<\/strong> <br \/>\n<script type=\"text\/javascript\" language=\"javascript\" src=\"http:\/\/www.trilulilu.ro\/embed-audio\/curajnet\/a769ce6b6478b3\"><\/script><script type=\"text\/javascript\" language=\"javascript\">show_a769ce6b6478b3(448, 46);<\/script> <\/p>\n<p><strong>1 aprilie 2002, ora a V-a, minutul 6,37<\/strong> <br \/>\n<script type=\"text\/javascript\" language=\"javascript\" src=\"http:\/\/www.trilulilu.ro\/embed-audio\/curajnet\/415b71350af45f\"><\/script><script type=\"text\/javascript\" language=\"javascript\">show_415b71350af45f(448, 46);<\/script> <\/p>\n<p><strong>1 aprilie 2002, ora a IV-a, minutul 10,10<\/strong> <br \/>\n<script type=\"text\/javascript\" language=\"javascript\" src=\"http:\/\/www.trilulilu.ro\/embed-audio\/curajnet\/046d7abb8045a5\"><\/script><script type=\"text\/javascript\" language=\"javascript\">show_046d7abb8045a5(448, 46);<\/script> <\/p>\n<p><strong>1 aprilie 2002, ora a III-a, minutul 40,36<\/strong> <br \/>\n<script type=\"text\/javascript\" language=\"javascript\" src=\"http:\/\/www.trilulilu.ro\/embed-audio\/curajnet\/12851ea1dca99c\"><\/script><script type=\"text\/javascript\" language=\"javascript\">show_12851ea1dca99c(448, 46);<\/script> <\/p>\n<p><strong>1 aprilie 2002, prima ora, minutul 24,55<\/strong> <br \/>\n<script type=\"text\/javascript\" language=\"javascript\" src=\"http:\/\/www.trilulilu.ro\/embed-audio\/curajnet\/5e239ed8a00198\"><\/script><script type=\"text\/javascript\" language=\"javascript\">show_5e239ed8a00198(448, 46);<\/script> <\/p>\n<p><strong>29 martie 2002, ora a III-a, minutul 39,40<\/strong> <br \/>\n<script type=\"text\/javascript\" language=\"javascript\" src=\"http:\/\/www.trilulilu.ro\/embed-audio\/curajnet\/bfebce89ff7e57\"><\/script><script type=\"text\/javascript\" language=\"javascript\">show_bfebce89ff7e57(448, 46);<\/script> <\/p>\n<p><strong>25 martie 2002, ora a VI-a<\/strong> <br \/>\n<script type=\"text\/javascript\" language=\"javascript\" src=\"http:\/\/www.trilulilu.ro\/embed-audio\/curajnet\/7acac1d1e385a9\"><\/script><script type=\"text\/javascript\" language=\"javascript\">show_7acac1d1e385a9(448, 46);<\/script> <\/p>\n<p><strong>25 martie 2002, ora a V-a<\/strong> <br \/>\n<script type=\"text\/javascript\" language=\"javascript\" src=\"http:\/\/www.trilulilu.ro\/embed-audio\/curajnet\/9aed7a3e1f1a4a\"><\/script><script type=\"text\/javascript\" language=\"javascript\">show_9aed7a3e1f1a4a(448, 46);<\/script> <\/p>\n<p><strong>25 martie 2002, ora a IV-a, minutul 23,30<\/strong> <br \/>\n<script type=\"text\/javascript\" language=\"javascript\" src=\"http:\/\/www.trilulilu.ro\/embed-audio\/curajnet\/cd542db4a05978\"><\/script><script type=\"text\/javascript\" language=\"javascript\">show_cd542db4a05978(448, 46);<\/script> <\/p>\n<p><strong>25 martie 2002, ora a II-a, min. 39,31; 48,02<\/strong> <br \/>\n<script type=\"text\/javascript\" language=\"javascript\" src=\"http:\/\/www.trilulilu.ro\/embed-audio\/curajnet\/1e359073ffe34d\"><\/script><script type=\"text\/javascript\" language=\"javascript\">show_1e359073ffe34d(448, 46);<\/script> <\/p>\n<p><strong>25 martie 2002, prima ora, minutul 29,19<\/strong> <br \/>\n<script type=\"text\/javascript\" language=\"javascript\" src=\"http:\/\/www.trilulilu.ro\/embed-audio\/curajnet\/f2be10fe37fb4b\"><\/script><script type=\"text\/javascript\" language=\"javascript\">show_f2be10fe37fb4b(448, 46);<\/script> <\/p>\n<p><strong>23 martie 2002, ora a VI-a, minutul 46,57<\/strong> <br \/>\n<script type=\"text\/javascript\" language=\"javascript\" src=\"http:\/\/www.trilulilu.ro\/embed-audio\/curajnet\/e47ee5d8b06451\"><\/script><script type=\"text\/javascript\" language=\"javascript\">show_e47ee5d8b06451(448, 46);<\/script> <\/p>\n<p><strong>22 martie 2002, ora a VI-a<\/strong> <br \/>\n<script type=\"text\/javascript\" language=\"javascript\" src=\"http:\/\/www.trilulilu.ro\/embed-audio\/curajnet\/a4434c65fb44a8\"><\/script><script type=\"text\/javascript\" language=\"javascript\">show_a4434c65fb44a8(448, 46);<\/script> <\/p>\n<p><strong>22 martie 2002, ora a V-a, minutul 25,56<\/strong> <br \/>\n<script type=\"text\/javascript\" language=\"javascript\" src=\"http:\/\/www.trilulilu.ro\/embed-audio\/curajnet\/d0edd875befe6f\"><\/script><script type=\"text\/javascript\" language=\"javascript\">show_d0edd875befe6f(448, 46);<\/script> <\/p>\n<p><strong>22 martie 2002, ora a IV-a, minutul 19,32<\/strong> <br \/>\n<script type=\"text\/javascript\" language=\"javascript\" src=\"http:\/\/www.trilulilu.ro\/embed-audio\/curajnet\/8d959eea996416\"><\/script><script type=\"text\/javascript\" language=\"javascript\">show_8d959eea996416(448, 46);<\/script> <\/p>\n<p><strong>22 martie 2002, ora a II-a, minutul 48,52<\/strong> <br \/>\n<script type=\"text\/javascript\" language=\"javascript\" src=\"http:\/\/www.trilulilu.ro\/embed-audio\/curajnet\/b99364810755d0\"><\/script><script type=\"text\/javascript\" language=\"javascript\">show_b99364810755d0(448, 46);<\/script> <\/p>\n<p><strong>22 martie 2002, prima ora, min. 23,36; 42,45<\/strong> <br \/>\n==================================<br \/>\n<a href=\"http:\/\/www.curaj.net\/wp-content\/uploads\/2008\/09\/causeni6sept04-012a.jpg\" target=\"_blank\"><img loading=\"lazy\" class=\"alignright\" src=\"http:\/\/www.curaj.net\/wp-content\/uploads\/2008\/09\/causeni6sept04-012a-150x150.jpg\" alt=\"\" width=\"150\" height=\"150\" \/><\/a><strong>Nea Costache de la S\u0103lcu\u0163a :<\/strong><\/p>\n<ul>\n<li>Primul discurs rostit pe 20 aprilie 2002 (<em>minutul 39.35<\/em>)<\/li>\n<\/ul>\n<p><object classid=\"clsid:d27cdb6e-ae6d-11cf-96b8-444553540000\" width=\"448\" height=\"41\" codebase=\"http:\/\/download.macromedia.com\/pub\/shockwave\/cabs\/flash\/swflash.cab#version=6,0,40,0\"><param name=\"wmode\" value=\"transparent\" \/><param name=\"src\" value=\"http:\/\/audio.neogen.ro\/flash_player\/flash\/mp3player.swf?id=96454&amp;idcluster=1&amp;audioUrl=http:\/\/audio.neogen.ro\/user\/o.brega\/79k0y7iw8z7t7kxeppjjqzyzm46u4eib\/&amp;embed=1&amp;path=http:\/\/audio.neogen.ro\/\" \/><embed type=\"application\/x-shockwave-flash\" width=\"448\" height=\"41\" src=\"http:\/\/audio.neogen.ro\/flash_player\/flash\/mp3player.swf?id=96454&amp;idcluster=1&amp;audioUrl=http:\/\/audio.neogen.ro\/user\/o.brega\/79k0y7iw8z7t7kxeppjjqzyzm46u4eib\/&amp;embed=1&amp;path=http:\/\/audio.neogen.ro\/\" wmode=\"transparent\"><\/embed><\/object><\/p>\n<ul>\n<li>Scrisoare citit\u0103 de c\u0103tre moderator pe 23 martie 2002 (a doua)<\/li>\n<\/ul>\n<p><object classid=\"clsid:d27cdb6e-ae6d-11cf-96b8-444553540000\" width=\"448\" height=\"41\" codebase=\"http:\/\/download.macromedia.com\/pub\/shockwave\/cabs\/flash\/swflash.cab#version=6,0,40,0\"><param name=\"wmode\" value=\"transparent\" \/><param name=\"src\" value=\"http:\/\/audio.neogen.ro\/flash_player\/flash\/mp3player.swf?id=96447&amp;idcluster=1&amp;audioUrl=http:\/\/audio.neogen.ro\/user\/o.brega\/08smxv7nwab7r3qxbjbl2lbo8xfw0w41\/&amp;embed=1&amp;path=http:\/\/audio.neogen.ro\/\" \/><embed type=\"application\/x-shockwave-flash\" width=\"448\" height=\"41\" src=\"http:\/\/audio.neogen.ro\/flash_player\/flash\/mp3player.swf?id=96447&amp;idcluster=1&amp;audioUrl=http:\/\/audio.neogen.ro\/user\/o.brega\/08smxv7nwab7r3qxbjbl2lbo8xfw0w41\/&amp;embed=1&amp;path=http:\/\/audio.neogen.ro\/\" wmode=\"transparent\"><\/embed><\/object><a href=\"http:\/\/www.curaj.net\/wp-content\/uploads\/2008\/09\/nea-costache-de-la-salcuta.jpg\" target=\"_blank\"><img loading=\"lazy\" class=\"alignright\" src=\"http:\/\/www.curaj.net\/wp-content\/uploads\/2008\/09\/nea-costache-de-la-salcuta-150x150.jpg\" alt=\"\" width=\"150\" height=\"150\" \/><\/a><\/p>\n<ul>\n<li>Scrisoare citit\u0103 \u00een emisie pe 30 martie 2002<\/li>\n<\/ul>\n<p><object classid=\"clsid:d27cdb6e-ae6d-11cf-96b8-444553540000\" width=\"448\" height=\"41\" codebase=\"http:\/\/download.macromedia.com\/pub\/shockwave\/cabs\/flash\/swflash.cab#version=6,0,40,0\"><param name=\"wmode\" value=\"transparent\" \/><param name=\"src\" value=\"http:\/\/audio.neogen.ro\/flash_player\/flash\/mp3player.swf?id=96452&amp;idcluster=1&amp;audioUrl=http:\/\/audio.neogen.ro\/user\/o.brega\/haassjoh9sszp1s2ilj9cmx120wfhn6y\/&amp;embed=1&amp;path=http:\/\/audio.neogen.ro\/\" \/><embed type=\"application\/x-shockwave-flash\" width=\"448\" height=\"41\" src=\"http:\/\/audio.neogen.ro\/flash_player\/flash\/mp3player.swf?id=96452&amp;idcluster=1&amp;audioUrl=http:\/\/audio.neogen.ro\/user\/o.brega\/haassjoh9sszp1s2ilj9cmx120wfhn6y\/&amp;embed=1&amp;path=http:\/\/audio.neogen.ro\/\" wmode=\"transparent\"><\/embed><\/object><\/p>\n<ul>\n<li>Scrisoare din 05 aprilie 2002<\/li>\n<\/ul>\n<p><object classid=\"clsid:d27cdb6e-ae6d-11cf-96b8-444553540000\" width=\"448\" height=\"41\" codebase=\"http:\/\/download.macromedia.com\/pub\/shockwave\/cabs\/flash\/swflash.cab#version=6,0,40,0\"><param name=\"wmode\" value=\"transparent\" \/><param name=\"src\" value=\"http:\/\/audio.neogen.ro\/flash_player\/flash\/mp3player.swf?id=96453&amp;idcluster=1&amp;audioUrl=http:\/\/audio.neogen.ro\/user\/o.brega\/djyy1644qqx4s6y9of2st4crjrh32sng\/&amp;embed=1&amp;path=http:\/\/audio.neogen.ro\/\" \/><embed type=\"application\/x-shockwave-flash\" width=\"448\" height=\"41\" src=\"http:\/\/audio.neogen.ro\/flash_player\/flash\/mp3player.swf?id=96453&amp;idcluster=1&amp;audioUrl=http:\/\/audio.neogen.ro\/user\/o.brega\/djyy1644qqx4s6y9of2st4crjrh32sng\/&amp;embed=1&amp;path=http:\/\/audio.neogen.ro\/\" wmode=\"transparent\"><\/embed><\/object><\/p>\n<p><strong>Gheorghe Briceag (de la B\u0103l\u0163i) :<\/strong><\/p>\n","protected":false},"excerpt":{"rendered":"<p>Aici avem o pagin\u0103 cu hyde park-i\u015fti care nu mai sunt printre noi. Ion Smoleanchin (sau Ion de la Durle\u015fti) : 1 iunie 2003, prima or\u0103 de emisie, minutul 33,20 &#8211; Ultimul discurs al lui Ion \u00een cadrul emisiunii radiofonice Hyde Park. Peste dou\u0103 s\u0103pt\u0103m\u00eeni programul a fost suprimat de administra\u0163ia postului \u00een urma presiunilor [&hellip;]<\/p>\n","protected":false},"author":1,"featured_media":0,"parent":387,"menu_order":0,"comment_status":"open","ping_status":"open","template":"","meta":[],"_links":{"self":[{"href":"https:\/\/www.sergiubrega.com\/curajnet\/index.php?rest_route=\/wp\/v2\/pages\/4953"}],"collection":[{"href":"https:\/\/www.sergiubrega.com\/curajnet\/index.php?rest_route=\/wp\/v2\/pages"}],"about":[{"href":"https:\/\/www.sergiubrega.com\/curajnet\/index.php?rest_route=\/wp\/v2\/types\/page"}],"author":[{"embeddable":true,"href":"https:\/\/www.sergiubrega.com\/curajnet\/index.php?rest_route=\/wp\/v2\/users\/1"}],"replies":[{"embeddable":true,"href":"https:\/\/www.sergiubrega.com\/curajnet\/index.php?rest_route=%2Fwp%2Fv2%2Fcomments&post=4953"}],"version-history":[{"count":77,"href":"https:\/\/www.sergiubrega.com\/curajnet\/index.php?rest_route=\/wp\/v2\/pages\/4953\/revisions"}],"predecessor-version":[{"id":4955,"href":"https:\/\/www.sergiubrega.com\/curajnet\/index.php?rest_route=\/wp\/v2\/pages\/4953\/revisions\/4955"}],"up":[{"embeddable":true,"href":"https:\/\/www.sergiubrega.com\/curajnet\/index.php?rest_route=\/wp\/v2\/pages\/387"}],"wp:attachment":[{"href":"https:\/\/www.sergiubrega.com\/curajnet\/index.php?rest_route=%2Fwp%2Fv2%2Fmedia&parent=4953"}],"curies":[{"name":"wp","href":"https:\/\/api.w.org\/{rel}","templated":true}]}}