{"id":9576,"date":"2009-01-28T14:10:10","date_gmt":"2009-01-28T12:10:10","guid":{"rendered":"http:\/\/www.curaj.net\/?page_id=9576"},"modified":"2009-03-30T14:23:41","modified_gmt":"2009-03-30T12:23:41","slug":"postati-un-articol","status":"publish","type":"page","link":"https:\/\/www.sergiubrega.com\/curajnet\/?page_id=9576","title":{"rendered":"&#8211; SCRIE un articol!"},"content":{"rendered":"<p style=\"text-align: left;\"><strong>Dac\u0103 n-a\u0163i reu\u015fit s\u0103 v\u0103 crea\u0163i un cont, v\u0103 invit\u0103m s\u0103 plasa\u0163i<br \/>\ntextul \/ imaginile chiar aici, <\/strong><strong>la comentarii!!<\/strong><\/p>\n<p><strong>Portalul Curaj.Net<br \/>\n<\/strong><\/p>\n<blockquote><p>regulament &#8211; <a href=\"http:\/\/www.curaj.net\/\/?page_id=321\" target=\"_blank\">tot ce trebuie sa stiti<\/a> despre acest portal &#8211;<\/p><\/blockquote>\n<p><strong>Publica\u0163ia CURAJ<\/strong><\/p>\n<blockquote><p>\u00eentreaga colec\u0163ie de <a href=\"http:\/\/www.curaj.net\/\/?page_id=529\" target=\"_blank\">ziare din ultimul an<\/a> &#8211;<\/p><\/blockquote>\n<p><strong>Hyde Park<\/strong><\/p>\n<blockquote><p>informa\u0163ii despre Asocia\u0163ia Hyde Park &#8211; <a href=\"http:\/\/www.curaj.net\/hp\" target=\"_blank\">activit\u0103\u0163i \u015fi proiecte<\/a> &#8211;<\/p><\/blockquote>\n<p><strong>Proiecte<\/strong><\/p>\n<blockquote><p>ca s\u0103 n-o lungim mult cu discu\u0163ii &#8230;da\u0163i <a href=\"http:\/\/www.curaj.net\/?page_id=361\" target=\"_blank\">click aici<\/a> &#8211;<\/p><\/blockquote>\n<p class=\"MsoNormal\" style=\"text-align: center;\">\n<p style=\"text-align: center;\"><a title=\"CETATENIE\" href=\"http:\/\/www.cetatenie.curaj.net\/\" target=\"_blank\">www.cetatenie.curaj.net<\/a> | <a title=\"CEDO\" href=\"http:\/\/www.cedo.curaj.net\/\" target=\"_blank\">cedo.curaj.net<\/a> | <a title=\"PROTEST\" href=\"http:\/\/www.protest.curaj.net\/\" target=\"_blank\">protest.curaj.net<\/a> | <a title=\"PRESA\" href=\"http:\/\/www.presa.curaj.net\/\" target=\"_blank\">presa.curaj.net<\/a> | <a title=\"VIDEO\" href=\"http:\/\/www.video.curaj.net\/\" target=\"_blank\">video.curaj.net<\/a><\/p>\n<p style=\"text-align: center;\">\u2026\u2026\u2026\u2026\u2026\u2026\u2026\u2026\u2026\u2026\u2026\u2026\u2026\u2026\u2026\u2026\u2026\u2026\u2026\u2026<\/p>\n","protected":false},"excerpt":{"rendered":"<p>Dac\u0103 n-a\u0163i reu\u015fit s\u0103 v\u0103 crea\u0163i un cont, v\u0103 invit\u0103m s\u0103 plasa\u0163i textul \/ imaginile chiar aici, la comentarii!! Portalul Curaj.Net regulament &#8211; tot ce trebuie sa stiti despre acest portal &#8211; Publica\u0163ia CURAJ \u00eentreaga colec\u0163ie de ziare din ultimul an &#8211; Hyde Park informa\u0163ii despre Asocia\u0163ia Hyde Park &#8211; activit\u0103\u0163i \u015fi proiecte &#8211; Proiecte [&hellip;]<\/p>\n","protected":false},"author":2767,"featured_media":0,"parent":1313,"menu_order":0,"comment_status":"open","ping_status":"open","template":"","meta":[],"_links":{"self":[{"href":"https:\/\/www.sergiubrega.com\/curajnet\/index.php?rest_route=\/wp\/v2\/pages\/9576"}],"collection":[{"href":"https:\/\/www.sergiubrega.com\/curajnet\/index.php?rest_route=\/wp\/v2\/pages"}],"about":[{"href":"https:\/\/www.sergiubrega.com\/curajnet\/index.php?rest_route=\/wp\/v2\/types\/page"}],"author":[{"embeddable":true,"href":"https:\/\/www.sergiubrega.com\/curajnet\/index.php?rest_route=\/wp\/v2\/users\/2767"}],"replies":[{"embeddable":true,"href":"https:\/\/www.sergiubrega.com\/curajnet\/index.php?rest_route=%2Fwp%2Fv2%2Fcomments&post=9576"}],"version-history":[{"count":8,"href":"https:\/\/www.sergiubrega.com\/curajnet\/index.php?rest_route=\/wp\/v2\/pages\/9576\/revisions"}],"predecessor-version":[{"id":9578,"href":"https:\/\/www.sergiubrega.com\/curajnet\/index.php?rest_route=\/wp\/v2\/pages\/9576\/revisions\/9578"}],"up":[{"embeddable":true,"href":"https:\/\/www.sergiubrega.com\/curajnet\/index.php?rest_route=\/wp\/v2\/pages\/1313"}],"wp:attachment":[{"href":"https:\/\/www.sergiubrega.com\/curajnet\/index.php?rest_route=%2Fwp%2Fv2%2Fmedia&parent=9576"}],"curies":[{"name":"wp","href":"https:\/\/api.w.org\/{rel}","templated":true}]}}