{"id":9734,"date":"2009-01-30T13:23:05","date_gmt":"2009-01-30T11:23:05","guid":{"rendered":"http:\/\/www.curaj.net\/?page_id=9734"},"modified":"2009-01-30T13:23:05","modified_gmt":"2009-01-30T11:23:05","slug":"contacte-in-presa","status":"publish","type":"page","link":"https:\/\/www.sergiubrega.com\/curajnet\/?page_id=9734","title":{"rendered":"Contacte \u00een pres\u0103"},"content":{"rendered":"<p><strong>Rubric\u0103 pentru cet\u0103\u0163enii care doresc s\u0103 comunce cu reprezentan\u0163ii mass-media<\/strong><\/p>\n<p>Institu\u0163ii | date de contact | site<\/p>\n","protected":false},"excerpt":{"rendered":"<p>Rubric\u0103 pentru cet\u0103\u0163enii care doresc s\u0103 comunce cu reprezentan\u0163ii mass-media Institu\u0163ii | date de contact | site<\/p>\n","protected":false},"author":1,"featured_media":0,"parent":387,"menu_order":0,"comment_status":"open","ping_status":"open","template":"","meta":[],"_links":{"self":[{"href":"https:\/\/www.sergiubrega.com\/curajnet\/index.php?rest_route=\/wp\/v2\/pages\/9734"}],"collection":[{"href":"https:\/\/www.sergiubrega.com\/curajnet\/index.php?rest_route=\/wp\/v2\/pages"}],"about":[{"href":"https:\/\/www.sergiubrega.com\/curajnet\/index.php?rest_route=\/wp\/v2\/types\/page"}],"author":[{"embeddable":true,"href":"https:\/\/www.sergiubrega.com\/curajnet\/index.php?rest_route=\/wp\/v2\/users\/1"}],"replies":[{"embeddable":true,"href":"https:\/\/www.sergiubrega.com\/curajnet\/index.php?rest_route=%2Fwp%2Fv2%2Fcomments&post=9734"}],"version-history":[{"count":2,"href":"https:\/\/www.sergiubrega.com\/curajnet\/index.php?rest_route=\/wp\/v2\/pages\/9734\/revisions"}],"predecessor-version":[{"id":9746,"href":"https:\/\/www.sergiubrega.com\/curajnet\/index.php?rest_route=\/wp\/v2\/pages\/9734\/revisions\/9746"}],"up":[{"embeddable":true,"href":"https:\/\/www.sergiubrega.com\/curajnet\/index.php?rest_route=\/wp\/v2\/pages\/387"}],"wp:attachment":[{"href":"https:\/\/www.sergiubrega.com\/curajnet\/index.php?rest_route=%2Fwp%2Fv2%2Fmedia&parent=9734"}],"curies":[{"name":"wp","href":"https:\/\/api.w.org\/{rel}","templated":true}]}}